{"id":2681,"date":"2023-01-11T13:27:35","date_gmt":"2023-01-11T13:27:35","guid":{"rendered":"https:\/\/harpocrates-project.eu\/universita-paris-cite\/"},"modified":"2023-09-12T09:24:50","modified_gmt":"2023-09-12T09:24:50","slug":"universita-paris-cite","status":"publish","type":"page","link":"https:\/\/harpocrates-project.eu\/it\/universita-paris-cite\/","title":{"rendered":"Universit\u00e0 Paris Cit\u00e9"},"content":{"rendered":"<p>[et_pb_section fb_built=&#8221;1&#8243; custom_padding_last_edited=&#8221;on|phone&#8221; _builder_version=&#8221;4.19.1&#8243; _module_preset=&#8221;default&#8221; background_color=&#8221;#1f2437&#8243; background_enable_image=&#8221;off&#8221; background_position=&#8221;center_left&#8221; custom_padding=&#8221;0rem|1rem|0rem|1rem|true|false&#8221; custom_padding_tablet=&#8221;|2rem|1rem|2rem|false|false&#8221; custom_padding_phone=&#8221;|1rem||1rem|false|false&#8221; global_colors_info=&#8221;{}&#8221;][et_pb_row custom_padding_last_edited=&#8221;on|phone&#8221; _builder_version=&#8221;4.19.1&#8243; _module_preset=&#8221;default&#8221; width=&#8221;100%&#8221; max_width=&#8221;1540px&#8221; custom_padding=&#8221;||||false|false&#8221; custom_padding_tablet=&#8221;||||false|false&#8221; custom_padding_phone=&#8221;1rem||1rem||false|false&#8221; global_colors_info=&#8221;{}&#8221;][et_pb_column type=&#8221;4_4&#8243; _builder_version=&#8221;4.19.1&#8243; _module_preset=&#8221;default&#8221; global_colors_info=&#8221;{}&#8221;][lwp_divi_breadcrumbs link_color=&#8221;#FFFFFF&#8221; separator_color=&#8221;#FFFFFF&#8221; _builder_version=&#8221;4.19.1&#8243; _module_preset=&#8221;default&#8221; custom_padding_tablet=&#8221;1rem||1rem||false|false&#8221; custom_padding_phone=&#8221;1rem||1rem||false|false&#8221; custom_padding_last_edited=&#8221;on|phone&#8221; global_colors_info=&#8221;{}&#8221;][\/lwp_divi_breadcrumbs][\/et_pb_column][\/et_pb_row][\/et_pb_section][et_pb_section fb_built=&#8221;1&#8243; custom_padding_last_edited=&#8221;on|phone&#8221; _builder_version=&#8221;4.19.1&#8243; _module_preset=&#8221;default&#8221; custom_padding=&#8221;|1rem||1rem|false|true&#8221; custom_padding_tablet=&#8221;|2rem||2rem|false|true&#8221; custom_padding_phone=&#8221;|1rem||1rem|false|true&#8221; global_colors_info=&#8221;{}&#8221;][et_pb_row _builder_version=&#8221;4.19.1&#8243; _module_preset=&#8221;default&#8221; width=&#8221;100%&#8221; max_width=&#8221;1540px&#8221; global_colors_info=&#8221;{}&#8221;][et_pb_column type=&#8221;4_4&#8243; _builder_version=&#8221;4.19.1&#8243; _module_preset=&#8221;default&#8221; global_colors_info=&#8221;{}&#8221;][et_pb_image src=&#8221;http:\/\/harpocrates-project.eu\/wp-content\/uploads\/2023\/01\/sante.png&#8221; title_text=&#8221;sante&#8221; align=&#8221;center&#8221; _builder_version=&#8221;4.19.1&#8243; _module_preset=&#8221;default&#8221; custom_margin=&#8221;||-9px|||&#8221; global_colors_info=&#8221;{}&#8221;][\/et_pb_image][et_pb_text _builder_version=&#8221;4.19.1&#8243; _module_preset=&#8221;default&#8221; header_3_font=&#8221;Montserrat|700|||||||&#8221; header_3_text_align=&#8221;center&#8221; header_3_text_color=&#8221;#1f2437&#8243; custom_margin=&#8221;17px|||||&#8221; global_colors_info=&#8221;{}&#8221;]<\/p>\n<h3><span>Universit\u00e0 Paris Cit\u00e9  <\/span><\/h3>\n<p>[\/et_pb_text][\/et_pb_column][\/et_pb_row][et_pb_row _builder_version=&#8221;4.19.1&#8243; _module_preset=&#8221;default&#8221; width=&#8221;100%&#8221; max_width=&#8221;1540px&#8221; global_colors_info=&#8221;{}&#8221;][et_pb_column type=&#8221;4_4&#8243; _builder_version=&#8221;4.19.1&#8243; _module_preset=&#8221;default&#8221; global_colors_info=&#8221;{}&#8221;][et_pb_text _builder_version=&#8221;4.19.1&#8243; _module_preset=&#8221;default&#8221; text_font=&#8221;Raleway||||||||&#8221; text_text_color=&#8221;#9b9b9b&#8221; header_4_font=&#8221;Montserrat|700|||||||&#8221; header_4_text_color=&#8221;#1f2437&#8243; hover_enabled=&#8221;0&#8243; global_colors_info=&#8221;{}&#8221; sticky_enabled=&#8221;0&#8243;]<\/p>\n<p><span>L&#8217;Universit\u00e0 Paris Cit\u00e9 (in francese: Universit\u00e9 Paris Cit\u00e9) \u00e8 un&#8217;universit\u00e0 pubblica di ricerca situata a Parigi, in Francia. \u00c8 stata creata con decreto del 20 marzo 2019, risultante dalla fusione delle universit\u00e0 Paris Descartes (Paris V) e Paris Diderot (Paris VII), istituite in seguito alla divisione dell&#8217;Universit\u00e0 di Parigi nel 1970. Originariamente era stata istituita come Universit\u00e0 di Parigi (in francese: Universit\u00e9 de Paris), ma \u00e8 stata rinominata per decreto nel marzo 2022 con il nome attuale.  <\/span><\/p>\n<p><span>L&#8217;Institut de Physique du Globe de Paris \u00e8 stato integrato come istituzione componente. La sede dell&#8217;Universit\u00e0 si trova nel cuore di Parigi, nel 6\u00b0 arrondissement, in boulevard Saint-Germain. Tra le migliori universit\u00e0 del mondo, nel 2021 si \u00e8 classificata al 14\u00b0 posto tra le giovani universit\u00e0 secondo il Times Higher Education e al 65\u00b0 secondo lo Shanghai Ranking.<\/span><\/p>\n<p><span><\/span><\/p>\n<h4 style=\"text-align: justify;\"><span>Ruolo nel progetto Harpocrates<\/span><\/h4>\n<p style=\"text-align: justify;\"><span>Il ruolo nel progetto \u00e8 quello di fornire dati sanitari per il progetto pilota di scambio dati transfrontaliero.<\/span><\/p>\n<p>[\/et_pb_text][et_pb_text _builder_version=&#8221;4.19.1&#8243; _module_preset=&#8221;default&#8221; header_4_font=&#8221;Montserrat|700|||||||&#8221; header_4_text_color=&#8221;#1f2437&#8243; global_colors_info=&#8221;{}&#8221;]<\/p>\n<h4>Per saperne di pi\u00f9 su di noi:<\/h4>\n<ul class=\"partnersLinks\">\n<li><a href=\"https:\/\/u-paris.fr\/en\/universite-de-paris\/\"><img decoding=\"async\" src=\"http:\/\/harpocrates-project.eu\/wp-content\/uploads\/2022\/12\/link.png\" a=\"\"><\/a><\/li>\n<li><a href=\"https:\/\/www.facebook.com\/univpariscite\"><img decoding=\"async\" src=\"http:\/\/harpocrates-project.eu\/wp-content\/uploads\/2022\/12\/facebook-8.png\" a=\"\"><\/a><\/li>\n<li><a href=\"https:\/\/twitter.com\/UP_Medecine\"><img decoding=\"async\" src=\"http:\/\/harpocrates-project.eu\/wp-content\/uploads\/2022\/12\/twitter-6.png\" a=\"\"><\/a><\/li>\n<li><a href=\"https:\/\/www.linkedin.com\/company\/facult%C3%A9-de-m%C3%A9decine-paris-descartes\/\"><img decoding=\"async\" src=\"http:\/\/harpocrates-project.eu\/wp-content\/uploads\/2022\/12\/linkedin-7.png\" a=\"\"><\/a><\/li>\n<\/ul>\n<p>[\/et_pb_text][\/et_pb_column][\/et_pb_row][\/et_pb_section]<\/p>\n","protected":false},"excerpt":{"rendered":"<p><div class=\"et_pb_module lwp_divi_breadcrumbs lwp_divi_breadcrumbs_0\">\n\t\t\t\t\n\t\t\t\t\n\t\t\t\t\n\t\t\t\t\n\t\t\t\t\n\t\t\t\t\n\t\t\t\t<div class=\"et_pb_module_inner\">\n\t\t\t\t\t<div class=\"lwp-breadcrumbs\"> <span class=\"before\"><\/span> <span vocab=\"https:\/\/schema.org\/\" typeof=\"BreadcrumbList\"><span property=\"itemListElement\" typeof=\"ListItem\"><a property=\"item\" typeof=\"WebPage\" href=\"https:\/\/harpocrates-project.eu\/it\/\" class=\"home\"><span property=\"name\">Home<\/span><\/a><meta property=\"position\" content=\"1\"><\/span> <span class=\"separator et-pb-icon\">&amp;#x39;<\/span> <\/span><\/div>\n\t\t\t\t<\/div>\n\t\t\t<\/div>Universit\u00e0 Paris Cit\u00e9 L&#8217;Universit\u00e0 Paris Cit\u00e9 (in francese: Universit\u00e9 Paris Cit\u00e9) \u00e8 un&#8217;universit\u00e0 pubblica di ricerca situata a Parigi, in Francia. \u00c8 stata creata con decreto del 20 marzo 2019, risultante dalla fusione delle universit\u00e0 Paris Descartes (Paris V) e Paris Diderot (Paris VII), istituite in seguito [&hellip;]<\/p>\n","protected":false},"author":3,"featured_media":0,"parent":0,"menu_order":0,"comment_status":"closed","ping_status":"closed","template":"","meta":{"_et_pb_use_builder":"on","_et_pb_old_content":"","_et_gb_content_width":"","footnotes":""},"class_list":["post-2681","page","type-page","status-publish","hentry"],"aioseo_notices":[],"_links":{"self":[{"href":"https:\/\/harpocrates-project.eu\/it\/wp-json\/wp\/v2\/pages\/2681","targetHints":{"allow":["GET"]}}],"collection":[{"href":"https:\/\/harpocrates-project.eu\/it\/wp-json\/wp\/v2\/pages"}],"about":[{"href":"https:\/\/harpocrates-project.eu\/it\/wp-json\/wp\/v2\/types\/page"}],"author":[{"embeddable":true,"href":"https:\/\/harpocrates-project.eu\/it\/wp-json\/wp\/v2\/users\/3"}],"replies":[{"embeddable":true,"href":"https:\/\/harpocrates-project.eu\/it\/wp-json\/wp\/v2\/comments?post=2681"}],"version-history":[{"count":6,"href":"https:\/\/harpocrates-project.eu\/it\/wp-json\/wp\/v2\/pages\/2681\/revisions"}],"predecessor-version":[{"id":2810,"href":"https:\/\/harpocrates-project.eu\/it\/wp-json\/wp\/v2\/pages\/2681\/revisions\/2810"}],"wp:attachment":[{"href":"https:\/\/harpocrates-project.eu\/it\/wp-json\/wp\/v2\/media?parent=2681"}],"curies":[{"name":"wp","href":"https:\/\/api.w.org\/{rel}","templated":true}]}}