{"id":2928,"date":"2023-01-04T09:42:54","date_gmt":"2023-01-04T09:42:54","guid":{"rendered":"https:\/\/harpocrates-project.eu\/recherche-trilaterale\/"},"modified":"2023-09-12T09:30:16","modified_gmt":"2023-09-12T09:30:16","slug":"recherche-trilaterale","status":"publish","type":"page","link":"https:\/\/harpocrates-project.eu\/fr\/recherche-trilaterale\/","title":{"rendered":"Recherche trilat\u00e9rale"},"content":{"rendered":"<p>[et_pb_section fb_built=\u00a0\u00bb1&Prime; custom_padding_last_edited=\u00a0\u00bbon|phone\u00a0\u00bb _builder_version=\u00a0\u00bb4.19.1&Prime; _module_preset=\u00a0\u00bbdefault\u00a0\u00bb background_color=\u00a0\u00bb#1f2437&Prime; background_enable_image=\u00a0\u00bboff\u00a0\u00bb background_position=\u00a0\u00bbcenter_left\u00a0\u00bb custom_padding=\u00a0\u00bb0rem|1rem|0rem|1rem|true|false\u00a0\u00bb custom_padding_tablet=\u00a0\u00bb|2rem|1rem|2rem|false|false\u00a0\u00bb custom_padding_phone=\u00a0\u00bb|1rem||1rem|false|false\u00a0\u00bb global_colors_info=\u00a0\u00bb{}\u00a0\u00bb][et_pb_row custom_padding_last_edited=\u00a0\u00bbon|phone\u00a0\u00bb _builder_version=\u00a0\u00bb4.19.1&Prime; _module_preset=\u00a0\u00bbdefault\u00a0\u00bb width=\u00a0\u00bb100%\u00a0\u00bb max_width=\u00a0\u00bb1540px\u00a0\u00bb custom_padding=\u00a0\u00bb||||false|false\u00a0\u00bb custom_padding_tablet=\u00a0\u00bb||||false|false\u00a0\u00bb custom_padding_phone=\u00a0\u00bb1rem||1rem||false|false\u00a0\u00bb global_colors_info=\u00a0\u00bb{}\u00a0\u00bb][et_pb_column type=\u00a0\u00bb4_4&Prime; _builder_version=\u00a0\u00bb4.19.1&Prime; _module_preset=\u00a0\u00bbdefault\u00a0\u00bb global_colors_info=\u00a0\u00bb{}\u00a0\u00bb][lwp_divi_breadcrumbs link_color=\u00a0\u00bb#FFFFFF\u00a0\u00bb separator_color=\u00a0\u00bb#FFFFFF\u00a0\u00bb _builder_version=\u00a0\u00bb4.19.1&Prime; _module_preset=\u00a0\u00bbdefault\u00a0\u00bb custom_padding_tablet=\u00a0\u00bb1rem||1rem||false|false\u00a0\u00bb custom_padding_phone=\u00a0\u00bb1rem||1rem||false|false\u00a0\u00bb custom_padding_last_edited=\u00a0\u00bbon|phone\u00a0\u00bb global_colors_info=\u00a0\u00bb{}\u00a0\u00bb][\/lwp_divi_breadcrumbs][\/et_pb_column][\/et_pb_row][\/et_pb_section][et_pb_section fb_built=\u00a0\u00bb1&Prime; custom_padding_last_edited=\u00a0\u00bbon|phone\u00a0\u00bb _builder_version=\u00a0\u00bb4.19.1&Prime; _module_preset=\u00a0\u00bbdefault\u00a0\u00bb custom_padding=\u00a0\u00bb|1rem||1rem|false|true\u00a0\u00bb custom_padding_tablet=\u00a0\u00bb|2rem||2rem|false|true\u00a0\u00bb custom_padding_phone=\u00a0\u00bb|1rem||1rem|false|true\u00a0\u00bb global_colors_info=\u00a0\u00bb{}\u00a0\u00bb][et_pb_row _builder_version=\u00a0\u00bb4.19.1&Prime; _module_preset=\u00a0\u00bbdefault\u00a0\u00bb width=\u00a0\u00bb100%\u00a0\u00bb max_width=\u00a0\u00bb1540px\u00a0\u00bb global_colors_info=\u00a0\u00bb{}\u00a0\u00bb][et_pb_column type=\u00a0\u00bb4_4&Prime; _builder_version=\u00a0\u00bb4.19.1&Prime; _module_preset=\u00a0\u00bbdefault\u00a0\u00bb global_colors_info=\u00a0\u00bb{}\u00a0\u00bb][et_pb_image src=\u00a0\u00bbhttp:\/\/harpocrates-project.eu\/wp-content\/uploads\/2023\/01\/trc_new-small.png\u00a0\u00bb title_text=\u00a0\u00bbtrc_new-small\u00a0\u00bb align=\u00a0\u00bbcenter\u00a0\u00bb _builder_version=\u00a0\u00bb4.19.1&Prime; _module_preset=\u00a0\u00bbdefault\u00a0\u00bb custom_margin=\u00a0\u00bb||-9px|||\u00a0\u00bb hover_enabled=\u00a0\u00bb0&Prime; global_colors_info=\u00a0\u00bb{}\u00a0\u00bb sticky_enabled=\u00a0\u00bb0&Prime;][\/et_pb_image][et_pb_text _builder_version=\u00a0\u00bb4.19.1&Prime; _module_preset=\u00a0\u00bbdefault\u00a0\u00bb header_3_font=\u00a0\u00bbMontserrat|700|||||||\u00a0\u00bb header_3_text_align=\u00a0\u00bbcenter\u00a0\u00bb header_3_text_color=\u00a0\u00bb#1f2437&Prime; custom_margin=\u00a0\u00bb17px|||||\u00a0\u00bb global_colors_info=\u00a0\u00bb{}\u00a0\u00bb]<\/p>\n<h3><span>Recherche trilat\u00e9rale<\/span><\/h3>\n<p>[\/et_pb_text][\/et_pb_column][\/et_pb_row][et_pb_row _builder_version=\u00a0\u00bb4.19.1&Prime; _module_preset=\u00a0\u00bbdefault\u00a0\u00bb width=\u00a0\u00bb100%\u00a0\u00bb max_width=\u00a0\u00bb1540px\u00a0\u00bb global_colors_info=\u00a0\u00bb{}\u00a0\u00bb][et_pb_column type=\u00a0\u00bb4_4&Prime; _builder_version=\u00a0\u00bb4.19.1&Prime; _module_preset=\u00a0\u00bbdefault\u00a0\u00bb global_colors_info=\u00a0\u00bb{}\u00a0\u00bb][et_pb_text _builder_version=\u00a0\u00bb4.19.1&Prime; _module_preset=\u00a0\u00bbdefault\u00a0\u00bb text_font=\u00a0\u00bbRaleway||||||||\u00a0\u00bb text_text_color=\u00a0\u00bb#9b9b9b\u00a0\u00bb header_4_font=\u00a0\u00bbMontserrat|700|||||||\u00a0\u00bb header_4_text_color=\u00a0\u00bb#1f2437&Prime; global_colors_info=\u00a0\u00bb{}\u00a0\u00bb]<\/p>\n<p><span>Trilateral Research a \u00e9t\u00e9 fond\u00e9e en 2004 et poss\u00e8de des bureaux \u00e0 Londres (Royaume-Uni) et \u00e0 Waterford (Irlande). Elle emploie plus de 120 personnes et a r\u00e9alis\u00e9 plus de 100 projets avec succ\u00e8s. Trilateral Research se passionne pour l&rsquo;am\u00e9lioration du monde en fournissant des solutions d&rsquo;IA \u00e9thiques pour r\u00e9soudre des probl\u00e8mes sociaux complexes. Avec des services prim\u00e9s dans les domaines de la recherche, de la protection des donn\u00e9es et des cyber-risques, de l&rsquo;innovation \u00e9thique et des perspectives sociotechniques, notre \u00e9quipe adopte une approche de bout en bout qui int\u00e8gre pleinement les dimensions techniques, juridiques et de sciences sociales. L&rsquo;IA \u00e9thique de Trilateral a un impact tangible sur la lutte contre les plus grands d\u00e9fis auxquels nous sommes actuellement confront\u00e9s, tels que l&rsquo;esclavage moderne et la traite des \u00eatres humains, l&rsquo;action climatique, l&rsquo;exploitation des enfants, la s\u00e9curit\u00e9 humaine dans les situations de conflit et de crise, et bien d&rsquo;autres encore.<\/span><\/p>\n<p><span><\/span><\/p>\n<h4 style=\"text-align: justify;\"><span>R\u00f4le dans le projet Harpocrates<\/span><\/h4>\n<p style=\"text-align: justify;\"><span>Trilateral Research dirige le package de travail GDPR Compliance, Legal and Ethical Impacts of Privacy-Preserving Technologies (WP6), et contribue \u00e0 la t\u00e2che 2.3 : Privacy-Preserving and Byzantine-robust Federated Learning (M9-M30), tout en participant \u00e0 des t\u00e2ches au sein des WP3, WP5 et WP7.<\/span><\/p>\n<p>[\/et_pb_text][et_pb_text _builder_version=\u00a0\u00bb4.19.1&Prime; _module_preset=\u00a0\u00bbdefault\u00a0\u00bb header_4_font=\u00a0\u00bbMontserrat|700|||||||\u00a0\u00bb header_4_text_color=\u00a0\u00bb#1f2437&Prime; global_colors_info=\u00a0\u00bb{}\u00a0\u00bb]<\/p>\n<h4>En savoir plus sur nous :<\/h4>\n<ul class=\"partnersLinks\">\n<li><a href=\"https:\/\/trilateralresearch.com\/\"><img decoding=\"async\" src=\"http:\/\/harpocrates-project.eu\/wp-content\/uploads\/2022\/12\/link.png\" a=\"\"><\/a><\/li>\n<li><a href=\"https:\/\/www.facebook.com\/profile.php?id=100064885574408\"><img decoding=\"async\" src=\"http:\/\/harpocrates-project.eu\/wp-content\/uploads\/2022\/12\/facebook-8.png\" a=\"\"><\/a><\/li>\n<li><a href=\"https:\/\/twitter.com\/TRIResearch_\"><img decoding=\"async\" src=\"http:\/\/harpocrates-project.eu\/wp-content\/uploads\/2022\/12\/twitter-6.png\" a=\"\"><\/a><\/li>\n<li><a href=\"https:\/\/www.linkedin.com\/company\/trilateral-research\/\"><img decoding=\"async\" src=\"http:\/\/harpocrates-project.eu\/wp-content\/uploads\/2022\/12\/linkedin-7.png\" a=\"\"><\/a><\/li>\n<\/ul>\n<p>[\/et_pb_text][\/et_pb_column][\/et_pb_row][\/et_pb_section]<\/p>\n","protected":false},"excerpt":{"rendered":"<p><div class=\"et_pb_module lwp_divi_breadcrumbs lwp_divi_breadcrumbs_0\">\n\t\t\t\t\n\t\t\t\t\n\t\t\t\t\n\t\t\t\t\n\t\t\t\t\n\t\t\t\t\n\t\t\t\t<div class=\"et_pb_module_inner\">\n\t\t\t\t\t<div class=\"lwp-breadcrumbs\"> <span class=\"before\"><\/span> <span vocab=\"https:\/\/schema.org\/\" typeof=\"BreadcrumbList\"><span property=\"itemListElement\" typeof=\"ListItem\"><a property=\"item\" typeof=\"WebPage\" href=\"https:\/\/harpocrates-project.eu\/fr\/\" class=\"home\"><span property=\"name\">Home<\/span><\/a><meta property=\"position\" content=\"1\"><\/span> <span class=\"separator et-pb-icon\">&amp;#x39;<\/span> <\/span><\/div>\n\t\t\t\t<\/div>\n\t\t\t<\/div>Recherche trilat\u00e9raleTrilateral Research a \u00e9t\u00e9 fond\u00e9e en 2004 et poss\u00e8de des bureaux \u00e0 Londres (Royaume-Uni) et \u00e0 Waterford (Irlande). Elle emploie plus de 120 personnes et a r\u00e9alis\u00e9 plus de 100 projets avec succ\u00e8s. Trilateral Research se passionne pour l&rsquo;am\u00e9lioration du monde en fournissant des solutions d&rsquo;IA [&hellip;]<\/p>\n","protected":false},"author":3,"featured_media":0,"parent":0,"menu_order":0,"comment_status":"closed","ping_status":"closed","template":"","meta":{"_et_pb_use_builder":"on","_et_pb_old_content":"","_et_gb_content_width":"","footnotes":""},"class_list":["post-2928","page","type-page","status-publish","hentry"],"aioseo_notices":[],"_links":{"self":[{"href":"https:\/\/harpocrates-project.eu\/fr\/wp-json\/wp\/v2\/pages\/2928","targetHints":{"allow":["GET"]}}],"collection":[{"href":"https:\/\/harpocrates-project.eu\/fr\/wp-json\/wp\/v2\/pages"}],"about":[{"href":"https:\/\/harpocrates-project.eu\/fr\/wp-json\/wp\/v2\/types\/page"}],"author":[{"embeddable":true,"href":"https:\/\/harpocrates-project.eu\/fr\/wp-json\/wp\/v2\/users\/3"}],"replies":[{"embeddable":true,"href":"https:\/\/harpocrates-project.eu\/fr\/wp-json\/wp\/v2\/comments?post=2928"}],"version-history":[{"count":1,"href":"https:\/\/harpocrates-project.eu\/fr\/wp-json\/wp\/v2\/pages\/2928\/revisions"}],"predecessor-version":[{"id":2945,"href":"https:\/\/harpocrates-project.eu\/fr\/wp-json\/wp\/v2\/pages\/2928\/revisions\/2945"}],"wp:attachment":[{"href":"https:\/\/harpocrates-project.eu\/fr\/wp-json\/wp\/v2\/media?parent=2928"}],"curies":[{"name":"wp","href":"https:\/\/api.w.org\/{rel}","templated":true}]}}