{"id":2868,"date":"2023-01-05T10:00:03","date_gmt":"2023-01-05T10:00:03","guid":{"rendered":"https:\/\/harpocrates-project.eu\/laboratoire-zentrix\/"},"modified":"2023-09-12T09:30:15","modified_gmt":"2023-09-12T09:30:15","slug":"laboratoire-zentrix","status":"publish","type":"page","link":"https:\/\/harpocrates-project.eu\/fr\/laboratoire-zentrix\/","title":{"rendered":"Laboratoire Zentrix"},"content":{"rendered":"<p>[et_pb_section fb_built=\u00a0\u00bb1&Prime; custom_padding_last_edited=\u00a0\u00bbon|phone\u00a0\u00bb _builder_version=\u00a0\u00bb4.19.1&Prime; _module_preset=\u00a0\u00bbdefault\u00a0\u00bb background_color=\u00a0\u00bb#1f2437&Prime; background_enable_image=\u00a0\u00bboff\u00a0\u00bb background_position=\u00a0\u00bbcenter_left\u00a0\u00bb custom_padding=\u00a0\u00bb0rem|1rem|0rem|1rem|true|false\u00a0\u00bb custom_padding_tablet=\u00a0\u00bb|2rem|1rem|2rem|false|false\u00a0\u00bb custom_padding_phone=\u00a0\u00bb|1rem||1rem|false|false\u00a0\u00bb global_colors_info=\u00a0\u00bb{}\u00a0\u00bb][et_pb_row custom_padding_last_edited=\u00a0\u00bbon|phone\u00a0\u00bb _builder_version=\u00a0\u00bb4.19.1&Prime; _module_preset=\u00a0\u00bbdefault\u00a0\u00bb width=\u00a0\u00bb100%\u00a0\u00bb max_width=\u00a0\u00bb1540px\u00a0\u00bb custom_padding=\u00a0\u00bb||||false|false\u00a0\u00bb custom_padding_tablet=\u00a0\u00bb||||false|false\u00a0\u00bb custom_padding_phone=\u00a0\u00bb1rem||1rem||false|false\u00a0\u00bb global_colors_info=\u00a0\u00bb{}\u00a0\u00bb][et_pb_column type=\u00a0\u00bb4_4&Prime; _builder_version=\u00a0\u00bb4.19.1&Prime; _module_preset=\u00a0\u00bbdefault\u00a0\u00bb global_colors_info=\u00a0\u00bb{}\u00a0\u00bb][lwp_divi_breadcrumbs link_color=\u00a0\u00bb#FFFFFF\u00a0\u00bb separator_color=\u00a0\u00bb#FFFFFF\u00a0\u00bb _builder_version=\u00a0\u00bb4.19.1&Prime; _module_preset=\u00a0\u00bbdefault\u00a0\u00bb custom_padding_tablet=\u00a0\u00bb1rem||1rem||false|false\u00a0\u00bb custom_padding_phone=\u00a0\u00bb1rem||1rem||false|false\u00a0\u00bb custom_padding_last_edited=\u00a0\u00bbon|phone\u00a0\u00bb global_colors_info=\u00a0\u00bb{}\u00a0\u00bb][\/lwp_divi_breadcrumbs][\/et_pb_column][\/et_pb_row][\/et_pb_section][et_pb_section fb_built=\u00a0\u00bb1&Prime; custom_padding_last_edited=\u00a0\u00bbon|phone\u00a0\u00bb _builder_version=\u00a0\u00bb4.19.1&Prime; _module_preset=\u00a0\u00bbdefault\u00a0\u00bb custom_padding=\u00a0\u00bb|1rem||1rem|false|true\u00a0\u00bb custom_padding_tablet=\u00a0\u00bb|2rem||2rem|false|true\u00a0\u00bb custom_padding_phone=\u00a0\u00bb|1rem||1rem|false|true\u00a0\u00bb global_colors_info=\u00a0\u00bb{}\u00a0\u00bb][et_pb_row _builder_version=\u00a0\u00bb4.19.1&Prime; _module_preset=\u00a0\u00bbdefault\u00a0\u00bb width=\u00a0\u00bb100%\u00a0\u00bb max_width=\u00a0\u00bb1540px\u00a0\u00bb global_colors_info=\u00a0\u00bb{}\u00a0\u00bb][et_pb_column type=\u00a0\u00bb4_4&Prime; _builder_version=\u00a0\u00bb4.19.1&Prime; _module_preset=\u00a0\u00bbdefault\u00a0\u00bb global_colors_info=\u00a0\u00bb{}\u00a0\u00bb][et_pb_image src=\u00a0\u00bbhttps:\/\/harpocrates-project.eu\/wp-content\/uploads\/2022\/11\/zentrix_logo-1.png\u00a0\u00bb title_text=\u00a0\u00bbzentrix_logo\u00a0\u00bb align=\u00a0\u00bbcenter\u00a0\u00bb _builder_version=\u00a0\u00bb4.19.1&Prime; _module_preset=\u00a0\u00bbdefault\u00a0\u00bb custom_margin=\u00a0\u00bb||-9px|||\u00a0\u00bb global_colors_info=\u00a0\u00bb{}\u00a0\u00bb][\/et_pb_image][et_pb_text _builder_version=\u00a0\u00bb4.19.1&Prime; _module_preset=\u00a0\u00bbdefault\u00a0\u00bb header_3_font=\u00a0\u00bbMontserrat|700|||||||\u00a0\u00bb header_3_text_align=\u00a0\u00bbcenter\u00a0\u00bb header_3_text_color=\u00a0\u00bb#1f2437&Prime; custom_margin=\u00a0\u00bb17px|||||\u00a0\u00bb global_colors_info=\u00a0\u00bb{}\u00a0\u00bb]<\/p>\n<h3><span>Laboratoire Zentrix<\/span><\/h3>\n<p>[\/et_pb_text][\/et_pb_column][\/et_pb_row][et_pb_row _builder_version=\u00a0\u00bb4.19.1&Prime; _module_preset=\u00a0\u00bbdefault\u00a0\u00bb width=\u00a0\u00bb100%\u00a0\u00bb max_width=\u00a0\u00bb1540px\u00a0\u00bb global_colors_info=\u00a0\u00bb{}\u00a0\u00bb][et_pb_column type=\u00a0\u00bb4_4&Prime; _builder_version=\u00a0\u00bb4.19.1&Prime; _module_preset=\u00a0\u00bbdefault\u00a0\u00bb global_colors_info=\u00a0\u00bb{}\u00a0\u00bb][et_pb_text _builder_version=\u00a0\u00bb4.19.1&Prime; _module_preset=\u00a0\u00bbdefault\u00a0\u00bb text_font=\u00a0\u00bbRaleway||||||||\u00a0\u00bb text_text_color=\u00a0\u00bb#9b9b9b\u00a0\u00bb header_4_font=\u00a0\u00bbMontserrat|700|||||||\u00a0\u00bb header_4_text_color=\u00a0\u00bb#1f2437&Prime; hover_enabled=\u00a0\u00bb0&Prime; global_colors_info=\u00a0\u00bb{}\u00a0\u00bb sticky_enabled=\u00a0\u00bb0&Prime;]<\/p>\n<p><span>Zentrix Lab (Research &amp; Innovation) est une PME fond\u00e9e par des employ\u00e9s d&rsquo;Ericsson dans deux pays, avec des bureaux \u00e0 Belgrade, Pancevo et Tallinn. L&rsquo;entreprise compte deux d\u00e9partements principaux : (i) Recherche et innovation Zentrix Lab est une branche en pleine croissance d\u00e9di\u00e9e \u00e0 la recherche et \u00e0 l&rsquo;application de la DLT, de l&rsquo;IoT et de l&rsquo;Ai dans diff\u00e9rents domaines ; (ii)  <\/span><a target=\"_blank\" class=\"c-link\" data-stringify-link=\"http:\/\/Zentrix.io\" delay=\"150\" data-sk=\"tooltip_parent\" href=\"http:\/\/zentrix.io\/\" rel=\"noopener noreferrer\">Zentrix.io<\/a><span> est un guichet unique de conseil et de d\u00e9veloppement web3 avec une exp\u00e9rience pratique dans l&rsquo;application industrielle de la technologie Blockchain, des MVP et des prototypes.<\/span><\/p>\n<p><span aria-label=\"\" class=\"c-mrkdwn__br\" data-stringify-type=\"paragraph-break\"><\/span><span>La mission de l&rsquo;entreprise est de se positionner sur le march\u00e9 en tant que fournisseur de services et de solutions de cybers\u00e9curit\u00e9 pour diff\u00e9rents march\u00e9s. Nous int\u00e9grons les derni\u00e8res tendances technologiques et les r\u00e9sultats de la recherche dans la conception de nos propres solutions, en utilisant la technologie DLT (distributed ledger technology), l&rsquo;IoT (Internet des objets) et l&rsquo;apprentissage automatique. L&rsquo;entreprise a l&rsquo;habitude de travailler dans le cadre de projets de recherche collaborative en tant que responsable technique et chef de file des lots de travaux.<\/span><span class=\"c-message__edited_label\" dir=\"ltr\" delay=\"300\" data-sk=\"tooltip_parent\"> <\/span><\/p>\n<p><span><\/span><\/p>\n<h4 style=\"text-align: justify;\"><span>R\u00f4le dans le projet Harpocrates<\/span><\/h4>\n<p style=\"text-align: justify;\"><span>Zentrix d\u00e9veloppe <\/span><b data-stringify-type=\"bold\">une plateforme f\u00e9d\u00e9r\u00e9e d&rsquo;apprentissage automatique<\/b><span>  pour permettre l&rsquo;IA et le traitement des ensembles de donn\u00e9es dans le respect de la vie priv\u00e9e. La plateforme d&rsquo;apprentissage f\u00e9d\u00e9r\u00e9 permettra d&rsquo;entra\u00eener un algorithme sur plusieurs appareils ou serveurs d\u00e9centralis\u00e9s d\u00e9tenant des \u00e9chantillons de donn\u00e9es locales, sans les \u00e9changer.<\/span><br \/><span>En outre, Zentrix joue un r\u00f4le important depuis le d\u00e9but du projet en tant que chef de projet pour la diffusion, l&rsquo;exploitation et la normalisation.  <\/span><b data-stringify-type=\"bold\">La t\u00e2che comprendra la participation \u00e0 des groupes de travail (de normalisation) et la fourniture de nouvelles normes,<span> <\/span><\/b><span>en mettant l&rsquo;accent sur le consentement et l&rsquo;ontologie d&rsquo;interop\u00e9rabilit\u00e9 pour les donn\u00e9es personnelles (Electornic Data INterchange) EDI avec l&rsquo;application du GDPR.<\/span><\/p>\n<p style=\"text-align: justify;\"><span>Zentrix sera charg\u00e9e de cr\u00e9er l&rsquo;\u00e9cosyst\u00e8me Harpocrates en s&rsquo;appuyant sur les \u00e9cosyst\u00e8mes et les communaut\u00e9s existants, et de minimiser ainsi la quantit\u00e9 de travail et de ressources n\u00e9cessaires pour contribuer au renforcement des capacit\u00e9s de cybers\u00e9curit\u00e9 et de la souverainet\u00e9 de l&rsquo;UE dans le domaine des technologies num\u00e9riques.<\/span><\/p>\n<p>[\/et_pb_text][et_pb_text _builder_version=\u00a0\u00bb4.19.1&Prime; _module_preset=\u00a0\u00bbdefault\u00a0\u00bb header_4_font=\u00a0\u00bbMontserrat|700|||||||\u00a0\u00bb header_4_text_color=\u00a0\u00bb#1f2437&Prime; global_colors_info=\u00a0\u00bb{}\u00a0\u00bb]<\/p>\n<h4>En savoir plus sur nous :<\/h4>\n<ul class=\"partnersLinks\">\n<li><a href=\"https:\/\/zentrixlab.eu\/\"><img decoding=\"async\" src=\"https:\/\/harpocrates-project.eu\/wp-content\/uploads\/2022\/12\/link.png\" a=\"\"><\/a><\/li>\n<li><a href=\"https:\/\/twitter.com\/ZentrixLab\"><img decoding=\"async\" src=\"https:\/\/harpocrates-project.eu\/wp-content\/uploads\/2022\/12\/twitter-6.png\" a=\"\"><\/a><\/li>\n<li><a href=\"https:\/\/www.linkedin.com\/company\/zentrix-lab\/\"><img decoding=\"async\" src=\"https:\/\/harpocrates-project.eu\/wp-content\/uploads\/2022\/12\/linkedin-7.png\" a=\"\"><\/a><\/li>\n<\/ul>\n<p>[\/et_pb_text][\/et_pb_column][\/et_pb_row][\/et_pb_section]<\/p>\n","protected":false},"excerpt":{"rendered":"<p><div class=\"et_pb_module lwp_divi_breadcrumbs lwp_divi_breadcrumbs_0\">\n\t\t\t\t\n\t\t\t\t\n\t\t\t\t\n\t\t\t\t\n\t\t\t\t\n\t\t\t\t\n\t\t\t\t<div class=\"et_pb_module_inner\">\n\t\t\t\t\t<div class=\"lwp-breadcrumbs\"> <span class=\"before\"><\/span> <span vocab=\"https:\/\/schema.org\/\" typeof=\"BreadcrumbList\"><span property=\"itemListElement\" typeof=\"ListItem\"><a property=\"item\" typeof=\"WebPage\" href=\"https:\/\/harpocrates-project.eu\/fr\/\" class=\"home\"><span property=\"name\">Home<\/span><\/a><meta property=\"position\" content=\"1\"><\/span> <span class=\"separator et-pb-icon\">&amp;#x39;<\/span> <\/span><\/div>\n\t\t\t\t<\/div>\n\t\t\t<\/div>Laboratoire ZentrixZentrix Lab (Research &amp; Innovation) est une PME fond\u00e9e par des employ\u00e9s d&rsquo;Ericsson dans deux pays, avec des bureaux \u00e0 Belgrade, Pancevo et Tallinn. L&rsquo;entreprise compte deux d\u00e9partements principaux : (i) Recherche et innovation Zentrix Lab est une branche en pleine croissance d\u00e9di\u00e9e \u00e0 la recherche [&hellip;]<\/p>\n","protected":false},"author":3,"featured_media":0,"parent":0,"menu_order":0,"comment_status":"closed","ping_status":"closed","template":"","meta":{"_et_pb_use_builder":"on","_et_pb_old_content":"","_et_gb_content_width":"","footnotes":""},"class_list":["post-2868","page","type-page","status-publish","hentry"],"aioseo_notices":[],"_links":{"self":[{"href":"https:\/\/harpocrates-project.eu\/fr\/wp-json\/wp\/v2\/pages\/2868","targetHints":{"allow":["GET"]}}],"collection":[{"href":"https:\/\/harpocrates-project.eu\/fr\/wp-json\/wp\/v2\/pages"}],"about":[{"href":"https:\/\/harpocrates-project.eu\/fr\/wp-json\/wp\/v2\/types\/page"}],"author":[{"embeddable":true,"href":"https:\/\/harpocrates-project.eu\/fr\/wp-json\/wp\/v2\/users\/3"}],"replies":[{"embeddable":true,"href":"https:\/\/harpocrates-project.eu\/fr\/wp-json\/wp\/v2\/comments?post=2868"}],"version-history":[{"count":10,"href":"https:\/\/harpocrates-project.eu\/fr\/wp-json\/wp\/v2\/pages\/2868\/revisions"}],"predecessor-version":[{"id":2937,"href":"https:\/\/harpocrates-project.eu\/fr\/wp-json\/wp\/v2\/pages\/2868\/revisions\/2937"}],"wp:attachment":[{"href":"https:\/\/harpocrates-project.eu\/fr\/wp-json\/wp\/v2\/media?parent=2868"}],"curies":[{"name":"wp","href":"https:\/\/api.w.org\/{rel}","templated":true}]}}