{"id":2828,"date":"2023-01-27T08:26:10","date_gmt":"2023-01-27T08:26:10","guid":{"rendered":"https:\/\/harpocrates-project.eu\/cas-dutilisation-2\/"},"modified":"2023-09-12T09:24:55","modified_gmt":"2023-09-12T09:24:55","slug":"cas-dutilisation-2","status":"publish","type":"page","link":"https:\/\/harpocrates-project.eu\/fr\/cas-dutilisation-2\/","title":{"rendered":"Cas d&rsquo;utilisation 2"},"content":{"rendered":"<p>[et_pb_section fb_built=\u00a0\u00bb1&Prime; custom_padding_last_edited=\u00a0\u00bbon|phone\u00a0\u00bb _builder_version=\u00a0\u00bb4.19.1&Prime; _module_preset=\u00a0\u00bbdefault\u00a0\u00bb background_color=\u00a0\u00bb#1f2437&Prime; background_enable_image=\u00a0\u00bboff\u00a0\u00bb background_position=\u00a0\u00bbcenter_left\u00a0\u00bb custom_margin_tablet=\u00a0\u00bb||||false|false\u00a0\u00bb custom_margin_phone=\u00a0\u00bb-1rem||||false|false\u00a0\u00bb custom_margin_last_edited=\u00a0\u00bbon|tablet\u00a0\u00bb custom_padding=\u00a0\u00bb0rem|1rem|0rem|1rem|true|false\u00a0\u00bb custom_padding_tablet=\u00a0\u00bb0rem|2rem|4rem|2rem|false|false\u00a0\u00bb custom_padding_phone=\u00a0\u00bb|1rem||1rem|false|false\u00a0\u00bb global_colors_info=\u00a0\u00bb{}\u00a0\u00bb][et_pb_row custom_padding_last_edited=\u00a0\u00bbon|phone\u00a0\u00bb _builder_version=\u00a0\u00bb4.19.1&Prime; _module_preset=\u00a0\u00bbdefault\u00a0\u00bb width=\u00a0\u00bb100%\u00a0\u00bb max_width=\u00a0\u00bb1540px\u00a0\u00bb custom_padding_tablet=\u00a0\u00bb\u00a0\u00bb custom_padding_phone=\u00a0\u00bb1rem||1rem||true|false\u00a0\u00bb global_colors_info=\u00a0\u00bb{}\u00a0\u00bb][et_pb_column type=\u00a0\u00bb4_4&Prime; _builder_version=\u00a0\u00bb4.19.1&Prime; _module_preset=\u00a0\u00bbdefault\u00a0\u00bb global_colors_info=\u00a0\u00bb{}\u00a0\u00bb][lwp_divi_breadcrumbs link_color=\u00a0\u00bb#FFFFFF\u00a0\u00bb separator_color=\u00a0\u00bb#FFFFFF\u00a0\u00bb _builder_version=\u00a0\u00bb4.19.1&Prime; _module_preset=\u00a0\u00bbdefault\u00a0\u00bb custom_padding_tablet=\u00a0\u00bb1rem||1rem||true|false\u00a0\u00bb custom_padding_phone=\u00a0\u00bb1rem||1rem||true|false\u00a0\u00bb custom_padding_last_edited=\u00a0\u00bbon|phone\u00a0\u00bb global_colors_info=\u00a0\u00bb{}\u00a0\u00bb][\/lwp_divi_breadcrumbs][\/et_pb_column][\/et_pb_row][\/et_pb_section][et_pb_section fb_built=\u00a0\u00bb1&Prime; custom_padding_last_edited=\u00a0\u00bbon|phone\u00a0\u00bb _builder_version=\u00a0\u00bb4.19.1&Prime; _module_preset=\u00a0\u00bbdefault\u00a0\u00bb custom_margin_tablet=\u00a0\u00bb-5rem||||false|false\u00a0\u00bb custom_margin_phone=\u00a0\u00bb\u00a0\u00bb custom_margin_last_edited=\u00a0\u00bbon|phone\u00a0\u00bb custom_padding=\u00a0\u00bb|1rem||1rem|false|false\u00a0\u00bb custom_padding_tablet=\u00a0\u00bb|2rem||2rem|false|false\u00a0\u00bb custom_padding_phone=\u00a0\u00bb|1rem||1rem|false|false\u00a0\u00bb global_colors_info=\u00a0\u00bb{}\u00a0\u00bb][et_pb_row _builder_version=\u00a0\u00bb4.19.1&Prime; _module_preset=\u00a0\u00bbdefault\u00a0\u00bb width=\u00a0\u00bb100%\u00a0\u00bb max_width=\u00a0\u00bb1540px\u00a0\u00bb global_colors_info=\u00a0\u00bb{}\u00a0\u00bb][et_pb_column type=\u00a0\u00bb4_4&Prime; _builder_version=\u00a0\u00bb4.19.1&Prime; _module_preset=\u00a0\u00bbdefault\u00a0\u00bb global_colors_info=\u00a0\u00bb{}\u00a0\u00bb][et_pb_text _builder_version=\u00a0\u00bb4.19.1&Prime; _module_preset=\u00a0\u00bbdefault\u00a0\u00bb text_font=\u00a0\u00bbRaleway||||||||\u00a0\u00bb header_3_font=\u00a0\u00bbMontserrat||||||||\u00a0\u00bb header_3_text_color=\u00a0\u00bb#1f2437&Prime; hover_enabled=\u00a0\u00bb0&Prime; global_colors_info=\u00a0\u00bb{}\u00a0\u00bb sticky_enabled=\u00a0\u00bb0&Prime;]<\/p>\n<h3><b>D\u00e9monstrateur 2 : Utilisation collaborative de l&rsquo;apprentissage automatique dans la m\u00e9decine du sommeil  <\/b><\/h3>\n<p>&nbsp;<\/p>\n<p><b><br \/>\n  <span style=\"color: #1f2437;\">Partenaires<\/span><br \/>\n<\/b><span style=\"font-weight: 400;\">: <\/span> <span style=\"font-weight: 400;\">Trois centres de m\u00e9decine du sommeil de trois pays diff\u00e9rents (l&rsquo;h\u00f4pital universitaire Charit\u00e9 en Allemagne, l&rsquo;h\u00f4pital universitaire de Kuopio en Finlande et l&rsquo;h\u00f4pital de Dieu en France) participeront \u00e0 ce d\u00e9monstrateur. Le d\u00e9veloppement technique sera soutenu par l&rsquo;\u00e9quipe d&rsquo;informatique m\u00e9dicale de l&rsquo;h\u00f4pital universitaire de Gottingen (Allemagne).  <\/span><\/p>\n<p><b><br \/>\n  <span style=\"color: #1f2437;\">Description du probl\u00e8me<\/span><br \/>\n<\/b><span style=\"font-weight: 400;\">:<\/span><\/p>\n<p><span style=\"font-weight: 400;\">  La recherche li\u00e9e \u00e0 l&rsquo;apprentissage automatique et \u00e0 l&rsquo;apprentissage profond a suscit\u00e9 un grand int\u00e9r\u00eat ces derni\u00e8res ann\u00e9es dans le domaine de la m\u00e9decine du sommeil. Les projets de recherche utilisant ces m\u00e9thodes doivent exploiter une grande quantit\u00e9 de donn\u00e9es cliniques sensibles. Cela soul\u00e8ve plusieurs questions, telles que l&rsquo;ouverture de la recherche, les pr\u00e9occupations en mati\u00e8re de respect de la vie priv\u00e9e et la s\u00e9curit\u00e9 des donn\u00e9es, et l&rsquo;importance de trouver un \u00e9quilibre entre les deux. Actuellement, les projets de recherche sont cens\u00e9s respecter les principes des donn\u00e9es FAIR (trouvables, accessibles, interop\u00e9rables et r\u00e9utilisables) et le r\u00e9cent r\u00e8glement g\u00e9n\u00e9ral sur la protection des donn\u00e9es de la Commission europ\u00e9enne (GDPR,2016\/679). Cependant, l&rsquo;application du GDPR entrave la mise en \u0153uvre de FAIR et rend le partage de donn\u00e9es entre les institutions cliniques ou de recherche tr\u00e8s difficile, en particulier dans le cas de donn\u00e9es r\u00e9trospectives.  <\/span><\/p>\n<p><span style=\"font-weight: 400;\">Id\u00e9alement, le partage des donn\u00e9es devrait comporter trois \u00e9tapes : (1) le cryptage des donn\u00e9es, (2) le partage des donn\u00e9es avec des plateformes s\u00e9curis\u00e9es et (3) le stockage s\u00e9curis\u00e9 des donn\u00e9es. Cependant, le cryptage des donn\u00e9es n&rsquo;a pas re\u00e7u l&rsquo;attention qu&rsquo;il m\u00e9rite, bien qu&rsquo;il soit l&rsquo;un des \u00e9l\u00e9ments cl\u00e9s : si, pour une raison quelconque, les deux autres \u00e9tapes \u00e9chouent, le cryptage des donn\u00e9es garantit que les donn\u00e9es sont toujours prot\u00e9g\u00e9es et qu&rsquo;il n&rsquo;est pas possible d&rsquo;identifier les personnes. Il serait donc tr\u00e8s utile pour l&rsquo;ensemble de la communaut\u00e9 des chercheurs de disposer d&rsquo;algorithmes de cryptage des donn\u00e9es sophistiqu\u00e9s et valid\u00e9s. En outre, la r\u00e9alisation d&rsquo;analyses complexes et d&rsquo;op\u00e9rations d&rsquo;apprentissage automatique sur les donn\u00e9es crypt\u00e9es est \u00e9galement souhait\u00e9e pour faciliter l&rsquo;exploitation conjointe de ces donn\u00e9es partag\u00e9es en toute s\u00e9curit\u00e9.<\/span><\/p>\n<p>[\/et_pb_text][et_pb_text _builder_version=\u00a0\u00bb4.19.1&Prime; _module_preset=\u00a0\u00bbdefault\u00a0\u00bb text_font=\u00a0\u00bbRaleway||||||||\u00a0\u00bb header_4_font=\u00a0\u00bbMontserrat||||||||\u00a0\u00bb header_4_text_color=\u00a0\u00bb#1f2437&Prime; hover_enabled=\u00a0\u00bb0&Prime; global_colors_info=\u00a0\u00bb{}\u00a0\u00bb sticky_enabled=\u00a0\u00bb0&Prime;]<\/p>\n<h4><b>Application d\u00e9monstrative pr\u00e9vue<\/b><span style=\"font-weight: 400;\">:<\/span><\/h4>\n<p><span style=\"font-weight: 400;\">Le d\u00e9monstrateur utilisera des donn\u00e9es constitu\u00e9es d&rsquo;enregistrements du sommeil (\u00e9lectroenc\u00e9phalographie, \u00e9lectrooculographie, \u00e9lectromyographie, signaux respiratoires, signaux d&rsquo;oxym\u00e9trie, ronflements (audio), position de sommeil, effort respiratoire, et \u00e9ventuellement l&rsquo;enregistrement vid\u00e9o nocturne), de dossiers m\u00e9dicaux de patients et de questionnaires relatifs aux troubles du sommeil au format texte (word, excel, etc.), collect\u00e9s dans le cadre du projet H2020 SLEEPREVOLUTION. L&rsquo;objectif du d\u00e9monstrateur est de montrer qu&rsquo;apr\u00e8s le cryptage, les enregistrements du sommeil peuvent \u00eatre trait\u00e9s et analys\u00e9s de la m\u00eame mani\u00e8re (\u00e0 l&rsquo;aide de techniques analytiques complexes et de ML) que les donn\u00e9es non crypt\u00e9es. La solution doit pouvoir \u00eatre utilis\u00e9e quel que soit le logiciel d&rsquo;enregistrement du sommeil ou l&rsquo;appareil utilis\u00e9 pour analyser ou collecter les donn\u00e9es. Le cryptage devrait \u00e9galement \u00eatre possible quel que soit le nombre ou la qualit\u00e9 des signaux dans les enregistrements du sommeil. La solution doit comporter une interface utilisateur conviviale et \u00eatre facilement utilisable dans l&rsquo;environnement clinique (op\u00e9rationnel) par les praticiens.<\/span><\/p>\n<h4><\/h4>\n<p>[\/et_pb_text][\/et_pb_column][\/et_pb_row][\/et_pb_section]<\/p>\n","protected":false},"excerpt":{"rendered":"<p><div class=\"et_pb_module lwp_divi_breadcrumbs lwp_divi_breadcrumbs_0\">\n\t\t\t\t\n\t\t\t\t\n\t\t\t\t\n\t\t\t\t\n\t\t\t\t\n\t\t\t\t\n\t\t\t\t<div class=\"et_pb_module_inner\">\n\t\t\t\t\t<div class=\"lwp-breadcrumbs\"> <span class=\"before\"><\/span> <span vocab=\"https:\/\/schema.org\/\" typeof=\"BreadcrumbList\"><span property=\"itemListElement\" typeof=\"ListItem\"><a property=\"item\" typeof=\"WebPage\" href=\"https:\/\/harpocrates-project.eu\/fr\/\" class=\"home\"><span property=\"name\">Home<\/span><\/a><meta property=\"position\" content=\"1\"><\/span> <span class=\"separator et-pb-icon\">&amp;#x39;<\/span> <\/span><\/div>\n\t\t\t\t<\/div>\n\t\t\t<\/div>D\u00e9monstrateur 2 : Utilisation collaborative de l&rsquo;apprentissage automatique dans la m\u00e9decine du sommeil &nbsp; Partenaires : Trois centres de m\u00e9decine du sommeil de trois pays diff\u00e9rents (l&rsquo;h\u00f4pital universitaire Charit\u00e9 en Allemagne, l&rsquo;h\u00f4pital universitaire de Kuopio en Finlande et l&rsquo;h\u00f4pital de Dieu en France) participeront \u00e0 ce d\u00e9monstrateur. [&hellip;]<\/p>\n","protected":false},"author":3,"featured_media":0,"parent":0,"menu_order":0,"comment_status":"closed","ping_status":"closed","template":"","meta":{"_et_pb_use_builder":"on","_et_pb_old_content":"","_et_gb_content_width":"","footnotes":""},"class_list":["post-2828","page","type-page","status-publish","hentry"],"aioseo_notices":[],"_links":{"self":[{"href":"https:\/\/harpocrates-project.eu\/fr\/wp-json\/wp\/v2\/pages\/2828","targetHints":{"allow":["GET"]}}],"collection":[{"href":"https:\/\/harpocrates-project.eu\/fr\/wp-json\/wp\/v2\/pages"}],"about":[{"href":"https:\/\/harpocrates-project.eu\/fr\/wp-json\/wp\/v2\/types\/page"}],"author":[{"embeddable":true,"href":"https:\/\/harpocrates-project.eu\/fr\/wp-json\/wp\/v2\/users\/3"}],"replies":[{"embeddable":true,"href":"https:\/\/harpocrates-project.eu\/fr\/wp-json\/wp\/v2\/comments?post=2828"}],"version-history":[{"count":1,"href":"https:\/\/harpocrates-project.eu\/fr\/wp-json\/wp\/v2\/pages\/2828\/revisions"}],"predecessor-version":[{"id":2863,"href":"https:\/\/harpocrates-project.eu\/fr\/wp-json\/wp\/v2\/pages\/2828\/revisions\/2863"}],"wp:attachment":[{"href":"https:\/\/harpocrates-project.eu\/fr\/wp-json\/wp\/v2\/media?parent=2828"}],"curies":[{"name":"wp","href":"https:\/\/api.w.org\/{rel}","templated":true}]}}