{"id":2825,"date":"2023-01-27T07:51:43","date_gmt":"2023-01-27T07:51:43","guid":{"rendered":"https:\/\/harpocrates-project.eu\/cas-dutilisation-1\/"},"modified":"2023-09-28T11:08:42","modified_gmt":"2023-09-28T11:08:42","slug":"cas-dutilisation-1","status":"publish","type":"page","link":"https:\/\/harpocrates-project.eu\/fr\/cas-dutilisation-1\/","title":{"rendered":"Cas d&rsquo;utilisation 1"},"content":{"rendered":"<p>[et_pb_section fb_built=\u00a0\u00bb1&Prime; custom_padding_last_edited=\u00a0\u00bbon|phone\u00a0\u00bb _builder_version=\u00a0\u00bb4.19.1&Prime; _module_preset=\u00a0\u00bbdefault\u00a0\u00bb background_color=\u00a0\u00bb#1f2437&Prime; background_enable_image=\u00a0\u00bboff\u00a0\u00bb background_position=\u00a0\u00bbcenter_left\u00a0\u00bb custom_margin_tablet=\u00a0\u00bb||||false|false\u00a0\u00bb custom_margin_phone=\u00a0\u00bb-1rem||||false|false\u00a0\u00bb custom_margin_last_edited=\u00a0\u00bbon|tablet\u00a0\u00bb custom_padding=\u00a0\u00bb0rem|1rem|0rem|1rem|true|false\u00a0\u00bb custom_padding_tablet=\u00a0\u00bb0rem|2rem|4rem|2rem|false|false\u00a0\u00bb custom_padding_phone=\u00a0\u00bb|1rem||1rem|false|false\u00a0\u00bb global_colors_info=\u00a0\u00bb{}\u00a0\u00bb][et_pb_row custom_padding_last_edited=\u00a0\u00bbon|phone\u00a0\u00bb _builder_version=\u00a0\u00bb4.19.1&Prime; _module_preset=\u00a0\u00bbdefault\u00a0\u00bb width=\u00a0\u00bb100%\u00a0\u00bb max_width=\u00a0\u00bb1540px\u00a0\u00bb custom_padding_tablet=\u00a0\u00bb\u00a0\u00bb custom_padding_phone=\u00a0\u00bb1rem||1rem||true|false\u00a0\u00bb global_colors_info=\u00a0\u00bb{}\u00a0\u00bb][et_pb_column type=\u00a0\u00bb4_4&Prime; _builder_version=\u00a0\u00bb4.19.1&Prime; _module_preset=\u00a0\u00bbdefault\u00a0\u00bb global_colors_info=\u00a0\u00bb{}\u00a0\u00bb][lwp_divi_breadcrumbs link_color=\u00a0\u00bb#FFFFFF\u00a0\u00bb separator_color=\u00a0\u00bb#FFFFFF\u00a0\u00bb _builder_version=\u00a0\u00bb4.19.1&Prime; _module_preset=\u00a0\u00bbdefault\u00a0\u00bb custom_padding_tablet=\u00a0\u00bb1rem||1rem||true|false\u00a0\u00bb custom_padding_phone=\u00a0\u00bb1rem||1rem||true|false\u00a0\u00bb custom_padding_last_edited=\u00a0\u00bbon|phone\u00a0\u00bb global_colors_info=\u00a0\u00bb{}\u00a0\u00bb][\/lwp_divi_breadcrumbs][\/et_pb_column][\/et_pb_row][\/et_pb_section][et_pb_section fb_built=\u00a0\u00bb1&Prime; custom_padding_last_edited=\u00a0\u00bbon|phone\u00a0\u00bb _builder_version=\u00a0\u00bb4.19.1&Prime; _module_preset=\u00a0\u00bbdefault\u00a0\u00bb custom_margin_tablet=\u00a0\u00bb-5rem||||false|false\u00a0\u00bb custom_margin_phone=\u00a0\u00bb\u00a0\u00bb custom_margin_last_edited=\u00a0\u00bbon|phone\u00a0\u00bb custom_padding=\u00a0\u00bb|1rem||1rem|false|false\u00a0\u00bb custom_padding_tablet=\u00a0\u00bb|2rem||2rem|false|false\u00a0\u00bb custom_padding_phone=\u00a0\u00bb|1rem||1rem|false|false\u00a0\u00bb global_colors_info=\u00a0\u00bb{}\u00a0\u00bb][et_pb_row _builder_version=\u00a0\u00bb4.19.1&Prime; _module_preset=\u00a0\u00bbdefault\u00a0\u00bb width=\u00a0\u00bb100%\u00a0\u00bb max_width=\u00a0\u00bb1540px\u00a0\u00bb global_colors_info=\u00a0\u00bb{}\u00a0\u00bb][et_pb_column type=\u00a0\u00bb4_4&Prime; _builder_version=\u00a0\u00bb4.19.1&Prime; _module_preset=\u00a0\u00bbdefault\u00a0\u00bb global_colors_info=\u00a0\u00bb{}\u00a0\u00bb][et_pb_text _builder_version=\u00a0\u00bb4.19.1&Prime; _module_preset=\u00a0\u00bbdefault\u00a0\u00bb text_font=\u00a0\u00bbRaleway||||||||\u00a0\u00bb header_3_font=\u00a0\u00bbMontserrat||||||||\u00a0\u00bb header_3_text_color=\u00a0\u00bb#1f2437&Prime; global_colors_info=\u00a0\u00bb{}\u00a0\u00bb]<\/p>\n<h3><b>D\u00e9monstrateur 1 : Production et partage de renseignements sur les menaces entre les autorit\u00e9s locales  <\/b><\/h3>\n<p>&nbsp;<\/p>\n<p><b><span style=\"color: #1f2437;\">Partenaires<\/span><\/b><span style=\"font-weight: 400;\">: Dans ce d\u00e9monstrateur, deux autorit\u00e9s locales, l&rsquo;une de la r\u00e9gion d&rsquo;Aragon en Espagne et l&rsquo;autre de la r\u00e9gion de V\u00e9n\u00e9tie en Italie, participent. Le d\u00e9veloppement technique est soutenu par S2 Grupo, une entreprise technologique espagnole sp\u00e9cialis\u00e9e dans la cybers\u00e9curit\u00e9.  <\/span><\/p>\n<p><b><span style=\"color: #1f2437;\">Description du probl\u00e8me<\/span><\/b><span style=\"font-weight: 400;\">: Un sc\u00e9nario d&rsquo;\u00e9change de renseignements sur les menaces entre deux r\u00e9gions europ\u00e9ennes collaboratrices (Aragon et V\u00e9n\u00e9tie) sera mis en \u0153uvre. Les gouvernements sont l&rsquo;une des principales cibles des cybercriminels et sont expos\u00e9s \u00e0 de grands risques, car ils fournissent des services importants tels que la sant\u00e9, l&rsquo;\u00e9ducation et les services sociaux. Pour lutter contre ces risques, les deux r\u00e9gions disposent de vastes ensembles de donn\u00e9es pertinentes qui peuvent \u00eatre exploit\u00e9es en collaboration \u00e0 l&rsquo;aide de techniques d&rsquo;apprentissage automatique pr\u00e9servant la vie priv\u00e9e (PPML).<\/span><\/p>\n<p><span style=\"font-weight: 400;\">L&rsquo;un des facteurs cl\u00e9s de la lutte contre la cybercriminalit\u00e9 a toujours \u00e9t\u00e9 le partage d&rsquo;informations entre diff\u00e9rentes organisations, qu&rsquo;elles soient publiques ou priv\u00e9es. Traditionnellement, le partage d&rsquo;informations sur les nouvelles techniques, tendances et objectifs des cybercriminels, voire sur les campagnes en cours, est une pratique courante qui permet de pr\u00e9venir les attaques ou, du moins, de les d\u00e9tecter \u00e0 un stade pr\u00e9coce ou d&rsquo;en att\u00e9nuer les effets. Plus r\u00e9cemment, l&rsquo;application de l&rsquo;apprentissage automatique, comme les algorithmes d&rsquo;apprentissage profond, \u00e0 la cybers\u00e9curit\u00e9 a gagn\u00e9 en popularit\u00e9 en raison de sa flexibilit\u00e9 et de sa capacit\u00e9 \u00e0 faire face, non seulement aux menaces connues, mais aussi aux menaces inconnues (telles que les menaces de type \u00ab\u00a0zero-day\u00a0\u00bb). Comme ces algorithmes n\u00e9cessitent de grandes quantit\u00e9s de donn\u00e9es pour \u00eatre form\u00e9s, leur popularit\u00e9 croissante a encore accentu\u00e9 le besoin de partage des donn\u00e9es.  <\/span><\/p>\n<p><span style=\"font-weight: 400;\">Cependant, le partage de grandes quantit\u00e9s de donn\u00e9es relatives \u00e0 la cybers\u00e9curit\u00e9 entre diff\u00e9rentes entit\u00e9s est souvent compliqu\u00e9, non seulement en raison de la complexit\u00e9 et de l&rsquo;h\u00e9t\u00e9rog\u00e9n\u00e9it\u00e9 des donn\u00e9es, mais aussi en raison de leur sensibilit\u00e9 potentielle. Par exemple, un r\u00e9seau neuronal pourrait \u00eatre form\u00e9 pour d\u00e9tecter les campagnes d&rsquo;hame\u00e7onnage au sein d&rsquo;une entreprise en inspectant les courriels des employ\u00e9s et en calculant le degr\u00e9 de similitude avec les campagnes d&rsquo;hame\u00e7onnage existantes. Toutefois, il faudrait pour cela que l&rsquo;entreprise (et ses employ\u00e9s) donne l&rsquo;autorisation d&rsquo;inspecter ces courriels, qui peuvent contenir des informations priv\u00e9es et sensibles. En outre, les entreprises et les particuliers sont r\u00e9ticents \u00e0 partager des donn\u00e9es sur la mani\u00e8re dont ils ont \u00e9t\u00e9 attaqu\u00e9s, en particulier lorsque les attaques ont \u00e9t\u00e9 couronn\u00e9es de succ\u00e8s, parce qu&rsquo;ils ne veulent pas que leur image publique soit ternie.  <\/span><\/p>\n<p><span style=\"font-weight: 400;\">Dans ce d\u00e9monstrateur, les deux organisations participantes (les gouvernements locaux d&rsquo;Aragon et de V\u00e9n\u00e9tie) b\u00e9n\u00e9ficieront des m\u00e9canismes avanc\u00e9s de partage de donn\u00e9es fournis par le cadre HARPOCRATES, qui leur permet de partager des informations priv\u00e9es et sensibles sans nuire \u00e0 leur image publique ni enfreindre aucune loi sur la protection de la vie priv\u00e9e. Ce m\u00e9canisme permettra de collecter et d&rsquo;\u00e9changer de nouveaux indicateurs de compromission et de renseignements sur les menaces, en renfor\u00e7ant la cybers\u00e9curit\u00e9 \u00e0 un point tel qu&rsquo;elle pourra faire face \u00e0 l&rsquo;augmentation susmentionn\u00e9e du degr\u00e9 d&rsquo;intelligence et de sophistication de la cybercriminalit\u00e9.<\/span><\/p>\n<p>[\/et_pb_text][et_pb_text _builder_version=\u00a0\u00bb4.19.1&Prime; _module_preset=\u00a0\u00bbdefault\u00a0\u00bb text_font=\u00a0\u00bbRaleway||||||||\u00a0\u00bb header_4_font=\u00a0\u00bbMontserrat||||||||\u00a0\u00bb header_4_text_color=\u00a0\u00bb#1f2437&Prime; hover_enabled=\u00a0\u00bb0&Prime; global_colors_info=\u00a0\u00bb{}\u00a0\u00bb sticky_enabled=\u00a0\u00bb0&Prime;]<\/p>\n<h4><b>Application d\u00e9monstrative pr\u00e9vue<\/b><span style=\"font-weight: 400;\">: Le d\u00e9monstrateur sera mis en \u0153uvre comme suit :<\/span><\/h4>\n<div class=\"list-wrap\">\n<div class=\"list\">\n<ol>\n<ol>\n<li>Constitution d&rsquo;un ensemble de donn\u00e9es : y compris (1) la s\u00e9lection du sous-ensemble d&rsquo;utilisateurs\/d&rsquo;h\u00f4tes de chaque organisation qui feront partie de l&rsquo;ensemble de donn\u00e9es ; (2) la r\u00e9cup\u00e9ration des donn\u00e9es au cours de l&rsquo;activit\u00e9 normale de chaque organisation et l&rsquo;anonymisation de base pour permettre la publication des ensembles de donn\u00e9es au reste du consortium ; (3) l&rsquo;injection de journaux malveillants pour la d\u00e9tection des menaces et les exp\u00e9riences de partage.<\/li>\n<li>Conception et architecture de la plate-forme de renseignement sur les menaces : y compris (1) la conception du d\u00e9monstrateur<br \/>\nutilisant les services de HARPOCRATES, gr\u00e2ce \u00e0 laquelle les renseignements sur les menaces seront anonymis\u00e9s et partag\u00e9s ; (2) la conception de la mod\u00e9lisation des menaces.<\/li>\n<li>Formation au ML \u00e0 l&rsquo;aide de donn\u00e9es anonymes, en s&rsquo;appuyant sur les services PPML d\u00e9velopp\u00e9s par HARPOCRATES.<\/li>\n<li>Mise en \u0153uvre et \u00e9valuation du d\u00e9monstrateur. L&rsquo;\u00e9valuation comprendra (1) l&rsquo;analyse du paysage des menaces avant HARPOCRATES ; (2) la caract\u00e9risation des menaces et des donn\u00e9es n\u00e9cessaires pour les pr\u00e9venir ; (3) la comparaison des menaces \u00e9vitables avec et sans les services HARPOCRATES.<\/li>\n<\/ol>\n<\/div>\n<\/div>\n<p>[\/et_pb_text][\/et_pb_column][\/et_pb_row][\/et_pb_section]<\/p>\n","protected":false},"excerpt":{"rendered":"<p><div class=\"et_pb_module lwp_divi_breadcrumbs lwp_divi_breadcrumbs_0\">\n\t\t\t\t\n\t\t\t\t\n\t\t\t\t\n\t\t\t\t\n\t\t\t\t\n\t\t\t\t\n\t\t\t\t<div class=\"et_pb_module_inner\">\n\t\t\t\t\t<div class=\"lwp-breadcrumbs\"> <span class=\"before\"><\/span> <span vocab=\"https:\/\/schema.org\/\" typeof=\"BreadcrumbList\"><span property=\"itemListElement\" typeof=\"ListItem\"><a property=\"item\" typeof=\"WebPage\" href=\"https:\/\/harpocrates-project.eu\/fr\/\" class=\"home\"><span property=\"name\">Home<\/span><\/a><meta property=\"position\" content=\"1\"><\/span> <span class=\"separator et-pb-icon\">&amp;#x39;<\/span> <\/span><\/div>\n\t\t\t\t<\/div>\n\t\t\t<\/div>D\u00e9monstrateur 1 : Production et partage de renseignements sur les menaces entre les autorit\u00e9s locales &nbsp; Partenaires: Dans ce d\u00e9monstrateur, deux autorit\u00e9s locales, l&rsquo;une de la r\u00e9gion d&rsquo;Aragon en Espagne et l&rsquo;autre de la r\u00e9gion de V\u00e9n\u00e9tie en Italie, participent. Le d\u00e9veloppement technique est soutenu par S2 [&hellip;]<\/p>\n","protected":false},"author":3,"featured_media":0,"parent":0,"menu_order":0,"comment_status":"closed","ping_status":"closed","template":"","meta":{"_et_pb_use_builder":"on","_et_pb_old_content":"","_et_gb_content_width":"","footnotes":""},"class_list":["post-2825","page","type-page","status-publish","hentry"],"aioseo_notices":[],"_links":{"self":[{"href":"https:\/\/harpocrates-project.eu\/fr\/wp-json\/wp\/v2\/pages\/2825","targetHints":{"allow":["GET"]}}],"collection":[{"href":"https:\/\/harpocrates-project.eu\/fr\/wp-json\/wp\/v2\/pages"}],"about":[{"href":"https:\/\/harpocrates-project.eu\/fr\/wp-json\/wp\/v2\/types\/page"}],"author":[{"embeddable":true,"href":"https:\/\/harpocrates-project.eu\/fr\/wp-json\/wp\/v2\/users\/3"}],"replies":[{"embeddable":true,"href":"https:\/\/harpocrates-project.eu\/fr\/wp-json\/wp\/v2\/comments?post=2825"}],"version-history":[{"count":7,"href":"https:\/\/harpocrates-project.eu\/fr\/wp-json\/wp\/v2\/pages\/2825\/revisions"}],"predecessor-version":[{"id":3037,"href":"https:\/\/harpocrates-project.eu\/fr\/wp-json\/wp\/v2\/pages\/2825\/revisions\/3037"}],"wp:attachment":[{"href":"https:\/\/harpocrates-project.eu\/fr\/wp-json\/wp\/v2\/media?parent=2825"}],"curies":[{"name":"wp","href":"https:\/\/api.w.org\/{rel}","templated":true}]}}