{"id":2774,"date":"2023-01-11T13:27:35","date_gmt":"2023-01-11T13:27:35","guid":{"rendered":"https:\/\/harpocrates-project.eu\/universidad-de-paris-cite\/"},"modified":"2023-09-12T09:24:51","modified_gmt":"2023-09-12T09:24:51","slug":"universidad-de-paris-cite","status":"publish","type":"page","link":"https:\/\/harpocrates-project.eu\/es\/universidad-de-paris-cite\/","title":{"rendered":"Universidad de Par\u00eds Cit\u00e9"},"content":{"rendered":"<p>[et_pb_section fb_built=\u00bb1&#8243; custom_padding_last_edited=\u00bbon|phone\u00bb _builder_version=\u00bb4.19.1&#8243; _module_preset=\u00bbdefault\u00bb background_color=\u00bb#1f2437&#8243; background_enable_image=\u00bboff\u00bb background_position=\u00bbcenter_left\u00bb custom_padding=\u00bb0rem|1rem|0rem|1rem|true|false\u00bb custom_padding_tablet=\u00bb|2rem|1rem|2rem|false|false\u00bb custom_padding_phone=\u00bb|1rem||1rem|false|false\u00bb global_colors_info=\u00bb{}\u00bb][et_pb_row custom_padding_last_edited=\u00bbon|phone\u00bb _builder_version=\u00bb4.19.1&#8243; _module_preset=\u00bbdefault\u00bb width=\u00bb100%\u00bb max_width=\u00bb1540px\u00bb custom_padding=\u00bb||||false|false\u00bb custom_padding_tablet=\u00bb||||false|false\u00bb custom_padding_phone=\u00bb1rem||1rem||false|false\u00bb global_colors_info=\u00bb{}\u00bb][et_pb_column type=\u00bb4_4&#8243; _builder_version=\u00bb4.19.1&#8243; _module_preset=\u00bbdefault\u00bb global_colors_info=\u00bb{}\u00bb][lwp_divi_breadcrumbs link_color=\u00bb#FFFFFF\u00bb separator_color=\u00bb#FFFFFF\u00bb _builder_version=\u00bb4.19.1&#8243; _module_preset=\u00bbdefault\u00bb custom_padding_tablet=\u00bb1rem||1rem||false|false\u00bb custom_padding_phone=\u00bb1rem||1rem||false|false\u00bb custom_padding_last_edited=\u00bbon|phone\u00bb global_colors_info=\u00bb{}\u00bb][\/lwp_divi_breadcrumbs][\/et_pb_column][\/et_pb_row][\/et_pb_section][et_pb_section fb_built=\u00bb1&#8243; custom_padding_last_edited=\u00bbon|phone\u00bb _builder_version=\u00bb4.19.1&#8243; _module_preset=\u00bbdefault\u00bb custom_padding=\u00bb|1rem||1rem|false|true\u00bb custom_padding_tablet=\u00bb|2rem||2rem|false|true\u00bb custom_padding_phone=\u00bb|1rem||1rem|false|true\u00bb global_colors_info=\u00bb{}\u00bb][et_pb_row _builder_version=\u00bb4.19.1&#8243; _module_preset=\u00bbdefault\u00bb width=\u00bb100%\u00bb max_width=\u00bb1540px\u00bb global_colors_info=\u00bb{}\u00bb][et_pb_column type=\u00bb4_4&#8243; _builder_version=\u00bb4.19.1&#8243; _module_preset=\u00bbdefault\u00bb global_colors_info=\u00bb{}\u00bb][et_pb_image src=\u00bbhttp:\/\/harpocrates-project.eu\/wp-content\/uploads\/2023\/01\/sante.png\u00bb title_text=\u00bbsante\u00bb align=\u00bbcenter\u00bb _builder_version=\u00bb4.19.1&#8243; _module_preset=\u00bbdefault\u00bb custom_margin=\u00bb||-9px|||\u00bb global_colors_info=\u00bb{}\u00bb][\/et_pb_image][et_pb_text _builder_version=\u00bb4.19.1&#8243; _module_preset=\u00bbdefault\u00bb header_3_font=\u00bbMontserrat|700|||||||\u00bb header_3_text_align=\u00bbcenter\u00bb header_3_text_color=\u00bb#1f2437&#8243; custom_margin=\u00bb17px|||||\u00bb global_colors_info=\u00bb{}\u00bb]<\/p>\n<h3><span>Universidad de Par\u00eds Cit\u00e9  <\/span><\/h3>\n<p>[\/et_pb_text][\/et_pb_column][\/et_pb_row][et_pb_row _builder_version=\u00bb4.19.1&#8243; _module_preset=\u00bbdefault\u00bb width=\u00bb100%\u00bb max_width=\u00bb1540px\u00bb global_colors_info=\u00bb{}\u00bb][et_pb_column type=\u00bb4_4&#8243; _builder_version=\u00bb4.19.1&#8243; _module_preset=\u00bbdefault\u00bb global_colors_info=\u00bb{}\u00bb][et_pb_text _builder_version=\u00bb4.19.1&#8243; _module_preset=\u00bbdefault\u00bb text_font=\u00bbRaleway||||||||\u00bb text_text_color=\u00bb#9b9b9b\u00bb header_4_font=\u00bbMontserrat|700|||||||\u00bb header_4_text_color=\u00bb#1f2437&#8243; hover_enabled=\u00bb0&#8243; global_colors_info=\u00bb{}\u00bb sticky_enabled=\u00bb0&#8243;]<\/p>\n<p><span>La Universidad Paris Cit\u00e9 (en franc\u00e9s: Universit\u00e9 Paris Cit\u00e9) es una universidad p\u00fablica de investigaci\u00f3n situada en Par\u00eds, Francia. Fue creada por decreto el 20 de marzo de 2019, resultado de la fusi\u00f3n de las universidades Par\u00eds Descartes (Par\u00eds V) y Par\u00eds Diderot (Par\u00eds VII), creadas tras la divisi\u00f3n de la Universidad de Par\u00eds en 1970. Originalmente se cre\u00f3 como Universidad de Par\u00eds (en franc\u00e9s: Universit\u00e9 de Paris), pero fue rebautizada por decreto en marzo de 2022 con su nombre actual.  <\/span><\/p>\n<p><span>El Institut de Physique du Globe de Par\u00eds se integr\u00f3 como instituci\u00f3n componente. La sede de la Universidad est\u00e1 en el coraz\u00f3n de Par\u00eds, en el distrito 6, en el bulevar Saint-Germain. Entre las mejores universidades del mundo, en 2021 ocup\u00f3 el puesto 14 entre las universidades j\u00f3venes seg\u00fan el Times Higher Education y el 65 seg\u00fan el Ranking de Shanghai.<\/span><\/p>\n<p><span><\/span><\/p>\n<h4 style=\"text-align: justify;\"><span>Papel en el proyecto Harp\u00f3crates<\/span><\/h4>\n<p style=\"text-align: justify;\"><span>Su funci\u00f3n en el proyecto es proporcionar datos sanitarios para el proyecto piloto de intercambio transfronterizo de datos.<\/span><\/p>\n<p>[\/et_pb_text][et_pb_text _builder_version=\u00bb4.19.1&#8243; _module_preset=\u00bbdefault\u00bb header_4_font=\u00bbMontserrat|700|||||||\u00bb header_4_text_color=\u00bb#1f2437&#8243; global_colors_info=\u00bb{}\u00bb]<\/p>\n<h4>M\u00e1s informaci\u00f3n:<\/h4>\n<ul class=\"partnersLinks\">\n<li><a href=\"https:\/\/u-paris.fr\/en\/universite-de-paris\/\"><img decoding=\"async\" src=\"http:\/\/harpocrates-project.eu\/wp-content\/uploads\/2022\/12\/link.png\" a=\"\"><\/a><\/li>\n<li><a href=\"https:\/\/www.facebook.com\/univpariscite\"><img decoding=\"async\" src=\"http:\/\/harpocrates-project.eu\/wp-content\/uploads\/2022\/12\/facebook-8.png\" a=\"\"><\/a><\/li>\n<li><a href=\"https:\/\/twitter.com\/UP_Medecine\"><img decoding=\"async\" src=\"http:\/\/harpocrates-project.eu\/wp-content\/uploads\/2022\/12\/twitter-6.png\" a=\"\"><\/a><\/li>\n<li><a href=\"https:\/\/www.linkedin.com\/company\/facult%C3%A9-de-m%C3%A9decine-paris-descartes\/\"><img decoding=\"async\" src=\"http:\/\/harpocrates-project.eu\/wp-content\/uploads\/2022\/12\/linkedin-7.png\" a=\"\"><\/a><\/li>\n<\/ul>\n<p>[\/et_pb_text][\/et_pb_column][\/et_pb_row][\/et_pb_section]<\/p>\n","protected":false},"excerpt":{"rendered":"<p><div class=\"et_pb_module lwp_divi_breadcrumbs lwp_divi_breadcrumbs_0\">\n\t\t\t\t\n\t\t\t\t\n\t\t\t\t\n\t\t\t\t\n\t\t\t\t\n\t\t\t\t\n\t\t\t\t<div class=\"et_pb_module_inner\">\n\t\t\t\t\t<div class=\"lwp-breadcrumbs\"> <span class=\"before\"><\/span> <span vocab=\"https:\/\/schema.org\/\" typeof=\"BreadcrumbList\"><span property=\"itemListElement\" typeof=\"ListItem\"><a property=\"item\" typeof=\"WebPage\" href=\"https:\/\/harpocrates-project.eu\/es\/\" class=\"home\"><span property=\"name\">Home<\/span><\/a><meta property=\"position\" content=\"1\"><\/span> <span class=\"separator et-pb-icon\">&amp;#x39;<\/span> <\/span><\/div>\n\t\t\t\t<\/div>\n\t\t\t<\/div>Universidad de Par\u00eds Cit\u00e9 La Universidad Paris Cit\u00e9 (en franc\u00e9s: Universit\u00e9 Paris Cit\u00e9) es una universidad p\u00fablica de investigaci\u00f3n situada en Par\u00eds, Francia. Fue creada por decreto el 20 de marzo de 2019, resultado de la fusi\u00f3n de las universidades Par\u00eds Descartes (Par\u00eds V) y Par\u00eds Diderot [&hellip;]<\/p>\n","protected":false},"author":3,"featured_media":0,"parent":0,"menu_order":0,"comment_status":"closed","ping_status":"closed","template":"","meta":{"_et_pb_use_builder":"on","_et_pb_old_content":"","_et_gb_content_width":"","footnotes":""},"class_list":["post-2774","page","type-page","status-publish","hentry"],"aioseo_notices":[],"_links":{"self":[{"href":"https:\/\/harpocrates-project.eu\/es\/wp-json\/wp\/v2\/pages\/2774","targetHints":{"allow":["GET"]}}],"collection":[{"href":"https:\/\/harpocrates-project.eu\/es\/wp-json\/wp\/v2\/pages"}],"about":[{"href":"https:\/\/harpocrates-project.eu\/es\/wp-json\/wp\/v2\/types\/page"}],"author":[{"embeddable":true,"href":"https:\/\/harpocrates-project.eu\/es\/wp-json\/wp\/v2\/users\/3"}],"replies":[{"embeddable":true,"href":"https:\/\/harpocrates-project.eu\/es\/wp-json\/wp\/v2\/comments?post=2774"}],"version-history":[{"count":2,"href":"https:\/\/harpocrates-project.eu\/es\/wp-json\/wp\/v2\/pages\/2774\/revisions"}],"predecessor-version":[{"id":2821,"href":"https:\/\/harpocrates-project.eu\/es\/wp-json\/wp\/v2\/pages\/2774\/revisions\/2821"}],"wp:attachment":[{"href":"https:\/\/harpocrates-project.eu\/es\/wp-json\/wp\/v2\/media?parent=2774"}],"curies":[{"name":"wp","href":"https:\/\/api.w.org\/{rel}","templated":true}]}}