{"id":2879,"date":"2023-01-05T10:00:03","date_gmt":"2023-01-05T10:00:03","guid":{"rendered":"https:\/\/harpocrates-project.eu\/zentrix-labor\/"},"modified":"2023-09-12T09:30:15","modified_gmt":"2023-09-12T09:30:15","slug":"zentrix-labor","status":"publish","type":"page","link":"https:\/\/harpocrates-project.eu\/de\/zentrix-labor\/","title":{"rendered":"Zentrix-Labor"},"content":{"rendered":"<p>[et_pb_section fb_built=&#8220;1&#8243; custom_padding_last_edited=&#8220;on|phone&#8220; _builder_version=&#8220;4.19.1&#8243; _module_preset=&#8220;default&#8220; background_color=&#8220;#1f2437&#8243; background_enable_image=&#8220;off&#8220; background_position=&#8220;center_left&#8220; custom_padding=&#8220;0rem|1rem|0rem|1rem|true|false&#8220; custom_padding_tablet=&#8220;|2rem|1rem|2rem|false|false&#8220; custom_padding_phone=&#8220;|1rem||1rem|false|false&#8220; global_colors_info=&#8220;{}&#8220;][et_pb_row custom_padding_last_edited=&#8220;on|phone&#8220; _builder_version=&#8220;4.19.1&#8243; _module_preset=&#8220;default&#8220; width=&#8220;100%&#8220; max_width=&#8220;1540px&#8220; custom_padding=&#8220;||||false|false&#8220; custom_padding_tablet=&#8220;||||false|false&#8220; custom_padding_phone=&#8220;1rem||1rem||false|false&#8220; global_colors_info=&#8220;{}&#8220;][et_pb_column type=&#8220;4_4&#8243; _builder_version=&#8220;4.19.1&#8243; _module_preset=&#8220;default&#8220; global_colors_info=&#8220;{}&#8220;][lwp_divi_breadcrumbs link_color=&#8220;#FFFFFF&#8220; separator_color=&#8220;#FFFFFF&#8220; _builder_version=&#8220;4.19.1&#8243; _module_preset=&#8220;default&#8220; custom_padding_tablet=&#8220;1rem||1rem||false|false&#8220; custom_padding_phone=&#8220;1rem||1rem||false|false&#8220; custom_padding_last_edited=&#8220;on|phone&#8220; global_colors_info=&#8220;{}&#8220;][\/lwp_divi_breadcrumbs][\/et_pb_column][\/et_pb_row][\/et_pb_section][et_pb_section fb_built=&#8220;1&#8243; custom_padding_last_edited=&#8220;on|phone&#8220; _builder_version=&#8220;4.19.1&#8243; _module_preset=&#8220;default&#8220; custom_padding=&#8220;|1rem||1rem|false|true&#8220; custom_padding_tablet=&#8220;|2rem||2rem|false|true&#8220; custom_padding_phone=&#8220;|1rem||1rem|false|true&#8220; global_colors_info=&#8220;{}&#8220;][et_pb_row _builder_version=&#8220;4.19.1&#8243; _module_preset=&#8220;default&#8220; width=&#8220;100%&#8220; max_width=&#8220;1540px&#8220; global_colors_info=&#8220;{}&#8220;][et_pb_column type=&#8220;4_4&#8243; _builder_version=&#8220;4.19.1&#8243; _module_preset=&#8220;default&#8220; global_colors_info=&#8220;{}&#8220;][et_pb_image src=&#8220;https:\/\/harpocrates-project.eu\/wp-content\/uploads\/2022\/11\/zentrix_logo-1.png&#8220; title_text=&#8220;zentrix_logo&#8220; align=&#8220;center&#8220; _builder_version=&#8220;4.19.1&#8243; _module_preset=&#8220;default&#8220; custom_margin=&#8220;||-9px|||&#8220; global_colors_info=&#8220;{}&#8220;][\/et_pb_image][et_pb_text _builder_version=&#8220;4.19.1&#8243; _module_preset=&#8220;default&#8220; header_3_font=&#8220;Montserrat|700|||||||&#8220; header_3_text_align=&#8220;center&#8220; header_3_text_color=&#8220;#1f2437&#8243; custom_margin=&#8220;17px|||||&#8220; global_colors_info=&#8220;{}&#8220;]<\/p>\n<h3><span>Zentrix-Labor<\/span><\/h3>\n<p>[\/et_pb_text][\/et_pb_column][\/et_pb_row][et_pb_row _builder_version=&#8220;4.19.1&#8243; _module_preset=&#8220;default&#8220; width=&#8220;100%&#8220; max_width=&#8220;1540px&#8220; global_colors_info=&#8220;{}&#8220;][et_pb_column type=&#8220;4_4&#8243; _builder_version=&#8220;4.19.1&#8243; _module_preset=&#8220;default&#8220; global_colors_info=&#8220;{}&#8220;][et_pb_text _builder_version=&#8220;4.19.1&#8243; _module_preset=&#8220;default&#8220; text_font=&#8220;Raleway||||||||&#8220; text_text_color=&#8220;#9b9b9b&#8220; header_4_font=&#8220;Montserrat|700|||||||&#8220; header_4_text_color=&#8220;#1f2437&#8243; hover_enabled=&#8220;0&#8243; global_colors_info=&#8220;{}&#8220; sticky_enabled=&#8220;0&#8243;]<\/p>\n<p><span>Zentrix Lab (Forschung &amp; Innovation) ist ein KMU, das von ehemaligen Ericsson-Mitarbeitern in zwei L\u00e4ndern mit B\u00fcros in Belgrad, Pancevo und Tallinn gegr\u00fcndet wurde. Das Unternehmen hat zwei Hauptabteilungen: (i) Forschung &amp; Innovation Zentrix Lab ist ein schnell wachsender Bereich, der sich der Forschung und Anwendung von DLT, IoT und KI in verschiedenen Bereichen widmet; (ii)  <\/span><a target=\"_blank\" class=\"c-link\" data-stringify-link=\"http:\/\/Zentrix.io\" delay=\"150\" data-sk=\"tooltip_parent\" href=\"http:\/\/zentrix.io\/\" rel=\"noopener noreferrer\">Zentrix.io<\/a><span> ist ein One-Stop-Shop f\u00fcr Web3-Entwicklung und Beratung mit praktischer Erfahrung in der industriellen Anwendung der Blockchain-Technologie, MVPs und Prototypen.<\/span><\/p>\n<p><span aria-label=\"\" class=\"c-mrkdwn__br\" data-stringify-type=\"paragraph-break\"><\/span><span>Das Ziel des Unternehmens ist es, sich auf dem Markt als Anbieter von Cybersecurity-Dienstleistungen und -L\u00f6sungen f\u00fcr verschiedene M\u00e4rkte zu positionieren. Wir integrieren die neuesten technologischen Trends und Forschungsergebnisse in die Entwicklung eigener L\u00f6sungen unter Verwendung von DLT (Distributed Ledger Technology), IoT (Internet of Things) und Machine Learning. Das Unternehmen hat in der Vergangenheit in Forschungsverbundprojekten als technischer Leiter und Leiter der Arbeitspakete gearbeitet.<\/span><span class=\"c-message__edited_label\" dir=\"ltr\" delay=\"300\" data-sk=\"tooltip_parent\"> <\/span><\/p>\n<p><span><\/span><\/p>\n<h4 style=\"text-align: justify;\"><span>Rolle im Harpocrates-Projekt<\/span><\/h4>\n<p style=\"text-align: justify;\"><span>Zentrix entwickelt eine <\/span><b data-stringify-type=\"bold\">f\u00f6derierte Plattform f\u00fcr maschinelles Lernen<\/b><span>  um eine datenschutzkonforme KI und Verarbeitung der Datens\u00e4tze zu erm\u00f6glichen. Eine f\u00f6derierte Lernplattform erm\u00f6glicht das Training eines Algorithmus \u00fcber mehrere dezentrale Edge-Ger\u00e4te oder Server mit lokalen Datenproben, ohne diese auszutauschen.<\/span><br \/><span>Dar\u00fcber hinaus spielt Zentrix von Beginn des Projekts an eine wichtige Rolle als Projektleiter f\u00fcr die Verbreitung, Nutzung und Standardisierung.  <\/span><b data-stringify-type=\"bold\">Die Aufgabe umfasst die Teilnahme an (Normungs-)Arbeitsgruppen und die Ausarbeitung neuer Normen,<span> <\/span><\/b><span>mit Schwerpunkt auf der Ontologie f\u00fcr Zustimmung und Interoperabilit\u00e4t f\u00fcr personenbezogene Daten (Electornic Data INterchange) EDI mit durchgesetzter GDPR.<\/span><\/p>\n<p style=\"text-align: justify;\"><span>Zentrix wird f\u00fcr den Aufbau des Harpocrates-\u00d6kosystems verantwortlich sein, indem es bestehende \u00d6kosysteme und Gemeinschaften nutzt und so den Arbeits- und Ressourcenaufwand minimiert, der erforderlich ist, um zur St\u00e4rkung der Cybersicherheitskapazit\u00e4ten und der Souver\u00e4nit\u00e4t der EU bei digitalen Technologien beizutragen.<\/span><\/p>\n<p>[\/et_pb_text][et_pb_text _builder_version=&#8220;4.19.1&#8243; _module_preset=&#8220;default&#8220; header_4_font=&#8220;Montserrat|700|||||||&#8220; header_4_text_color=&#8220;#1f2437&#8243; global_colors_info=&#8220;{}&#8220;]<\/p>\n<h4>Erfahren Sie mehr \u00fcber uns:<\/h4>\n<ul class=\"partnersLinks\">\n<li><a href=\"https:\/\/zentrixlab.eu\/\"><img decoding=\"async\" src=\"https:\/\/harpocrates-project.eu\/wp-content\/uploads\/2022\/12\/link.png\" a=\"\"><\/a><\/li>\n<li><a href=\"https:\/\/twitter.com\/ZentrixLab\"><img decoding=\"async\" src=\"https:\/\/harpocrates-project.eu\/wp-content\/uploads\/2022\/12\/twitter-6.png\" a=\"\"><\/a><\/li>\n<li><a href=\"https:\/\/www.linkedin.com\/company\/zentrix-lab\/\"><img decoding=\"async\" src=\"https:\/\/harpocrates-project.eu\/wp-content\/uploads\/2022\/12\/linkedin-7.png\" a=\"\"><\/a><\/li>\n<\/ul>\n<p>[\/et_pb_text][\/et_pb_column][\/et_pb_row][\/et_pb_section]<\/p>\n","protected":false},"excerpt":{"rendered":"<p><div class=\"et_pb_module lwp_divi_breadcrumbs lwp_divi_breadcrumbs_0\">\n\t\t\t\t\n\t\t\t\t\n\t\t\t\t\n\t\t\t\t\n\t\t\t\t\n\t\t\t\t\n\t\t\t\t<div class=\"et_pb_module_inner\">\n\t\t\t\t\t<div class=\"lwp-breadcrumbs\"> <span class=\"before\"><\/span> <span vocab=\"https:\/\/schema.org\/\" typeof=\"BreadcrumbList\"><span property=\"itemListElement\" typeof=\"ListItem\"><a property=\"item\" typeof=\"WebPage\" href=\"https:\/\/harpocrates-project.eu\/de\/\" class=\"home\"><span property=\"name\">Home<\/span><\/a><meta property=\"position\" content=\"1\"><\/span> <span class=\"separator et-pb-icon\">&amp;#x39;<\/span> <\/span><\/div>\n\t\t\t\t<\/div>\n\t\t\t<\/div>Zentrix-LaborZentrix Lab (Forschung &amp; Innovation) ist ein KMU, das von ehemaligen Ericsson-Mitarbeitern in zwei L\u00e4ndern mit B\u00fcros in Belgrad, Pancevo und Tallinn gegr\u00fcndet wurde. Das Unternehmen hat zwei Hauptabteilungen: (i) Forschung &amp; Innovation Zentrix Lab ist ein schnell wachsender Bereich, der sich der Forschung und Anwendung von [&hellip;]<\/p>\n","protected":false},"author":3,"featured_media":0,"parent":0,"menu_order":0,"comment_status":"closed","ping_status":"closed","template":"","meta":{"_et_pb_use_builder":"on","_et_pb_old_content":"","_et_gb_content_width":"","footnotes":""},"class_list":["post-2879","page","type-page","status-publish","hentry"],"aioseo_notices":[],"_links":{"self":[{"href":"https:\/\/harpocrates-project.eu\/de\/wp-json\/wp\/v2\/pages\/2879","targetHints":{"allow":["GET"]}}],"collection":[{"href":"https:\/\/harpocrates-project.eu\/de\/wp-json\/wp\/v2\/pages"}],"about":[{"href":"https:\/\/harpocrates-project.eu\/de\/wp-json\/wp\/v2\/types\/page"}],"author":[{"embeddable":true,"href":"https:\/\/harpocrates-project.eu\/de\/wp-json\/wp\/v2\/users\/3"}],"replies":[{"embeddable":true,"href":"https:\/\/harpocrates-project.eu\/de\/wp-json\/wp\/v2\/comments?post=2879"}],"version-history":[{"count":8,"href":"https:\/\/harpocrates-project.eu\/de\/wp-json\/wp\/v2\/pages\/2879\/revisions"}],"predecessor-version":[{"id":2939,"href":"https:\/\/harpocrates-project.eu\/de\/wp-json\/wp\/v2\/pages\/2879\/revisions\/2939"}],"wp:attachment":[{"href":"https:\/\/harpocrates-project.eu\/de\/wp-json\/wp\/v2\/media?parent=2879"}],"curies":[{"name":"wp","href":"https:\/\/api.w.org\/{rel}","templated":true}]}}