{"id":2869,"date":"2023-01-04T09:42:54","date_gmt":"2023-01-04T09:42:54","guid":{"rendered":"https:\/\/harpocrates-project.eu\/trilaterale-forschung\/"},"modified":"2023-09-12T09:30:02","modified_gmt":"2023-09-12T09:30:02","slug":"trilaterale-forschung","status":"publish","type":"page","link":"https:\/\/harpocrates-project.eu\/de\/trilaterale-forschung\/","title":{"rendered":"Trilaterale Forschung"},"content":{"rendered":"<p>[et_pb_section fb_built=&#8220;1&#8243; custom_padding_last_edited=&#8220;on|phone&#8220; _builder_version=&#8220;4.19.1&#8243; _module_preset=&#8220;default&#8220; background_color=&#8220;#1f2437&#8243; background_enable_image=&#8220;off&#8220; background_position=&#8220;center_left&#8220; custom_padding=&#8220;0rem|1rem|0rem|1rem|true|false&#8220; custom_padding_tablet=&#8220;|2rem|1rem|2rem|false|false&#8220; custom_padding_phone=&#8220;|1rem||1rem|false|false&#8220; global_colors_info=&#8220;{}&#8220;][et_pb_row custom_padding_last_edited=&#8220;on|phone&#8220; _builder_version=&#8220;4.19.1&#8243; _module_preset=&#8220;default&#8220; width=&#8220;100%&#8220; max_width=&#8220;1540px&#8220; custom_padding=&#8220;||||false|false&#8220; custom_padding_tablet=&#8220;||||false|false&#8220; custom_padding_phone=&#8220;1rem||1rem||false|false&#8220; global_colors_info=&#8220;{}&#8220;][et_pb_column type=&#8220;4_4&#8243; _builder_version=&#8220;4.19.1&#8243; _module_preset=&#8220;default&#8220; global_colors_info=&#8220;{}&#8220;][lwp_divi_breadcrumbs link_color=&#8220;#FFFFFF&#8220; separator_color=&#8220;#FFFFFF&#8220; _builder_version=&#8220;4.19.1&#8243; _module_preset=&#8220;default&#8220; custom_padding_tablet=&#8220;1rem||1rem||false|false&#8220; custom_padding_phone=&#8220;1rem||1rem||false|false&#8220; custom_padding_last_edited=&#8220;on|phone&#8220; global_colors_info=&#8220;{}&#8220;][\/lwp_divi_breadcrumbs][\/et_pb_column][\/et_pb_row][\/et_pb_section][et_pb_section fb_built=&#8220;1&#8243; custom_padding_last_edited=&#8220;on|phone&#8220; _builder_version=&#8220;4.19.1&#8243; _module_preset=&#8220;default&#8220; custom_padding=&#8220;|1rem||1rem|false|true&#8220; custom_padding_tablet=&#8220;|2rem||2rem|false|true&#8220; custom_padding_phone=&#8220;|1rem||1rem|false|true&#8220; global_colors_info=&#8220;{}&#8220;][et_pb_row _builder_version=&#8220;4.19.1&#8243; _module_preset=&#8220;default&#8220; width=&#8220;100%&#8220; max_width=&#8220;1540px&#8220; global_colors_info=&#8220;{}&#8220;][et_pb_column type=&#8220;4_4&#8243; _builder_version=&#8220;4.19.1&#8243; _module_preset=&#8220;default&#8220; global_colors_info=&#8220;{}&#8220;][et_pb_image src=&#8220;http:\/\/harpocrates-project.eu\/wp-content\/uploads\/2023\/01\/trc_new-small.png&#8220; title_text=&#8220;trc_new-klein&#8220; align=&#8220;center&#8220; _builder_version=&#8220;4.19.1&#8243; _module_preset=&#8220;default&#8220; custom_margin=&#8220;||-9px|||&#8220; hover_enabled=&#8220;0&#8243; global_colors_info=&#8220;{}&#8220; sticky_enabled=&#8220;0&#8243;][\/et_pb_image][et_pb_text _builder_version=&#8220;4.19.1&#8243; _module_preset=&#8220;default&#8220; header_3_font=&#8220;Montserrat|700|||||||&#8220; header_3_text_align=&#8220;center&#8220; header_3_text_color=&#8220;#1f2437&#8243; custom_margin=&#8220;17px|||||&#8220; global_colors_info=&#8220;{}&#8220;]<\/p>\n<h3><span>Trilaterale Forschung<\/span><\/h3>\n<p>[\/et_pb_text][\/et_pb_column][\/et_pb_row][et_pb_row _builder_version=&#8220;4.19.1&#8243; _module_preset=&#8220;default&#8220; width=&#8220;100%&#8220; max_width=&#8220;1540px&#8220; global_colors_info=&#8220;{}&#8220;][et_pb_column type=&#8220;4_4&#8243; _builder_version=&#8220;4.19.1&#8243; _module_preset=&#8220;default&#8220; global_colors_info=&#8220;{}&#8220;][et_pb_text _builder_version=&#8220;4.19.1&#8243; _module_preset=&#8220;default&#8220; text_font=&#8220;Raleway||||||||&#8220; text_text_color=&#8220;#9b9b9b&#8220; header_4_font=&#8220;Montserrat|700|||||||&#8220; header_4_text_color=&#8220;#1f2437&#8243; global_colors_info=&#8220;{}&#8220;]<\/p>\n<p><span>Trilateral Research wurde 2004 gegr\u00fcndet und hat Niederlassungen in London (UK) und Waterford (Irland). Das Unternehmen besch\u00e4ftigt mehr als 120 Mitarbeiter und kann auf mehr als 100 erfolgreich abgeschlossene Projekte zur\u00fcckblicken. Trilateral Research setzt sich leidenschaftlich daf\u00fcr ein, die Welt durch die Bereitstellung von ethischen KI-L\u00f6sungen zur L\u00f6sung komplexer sozialer Probleme zu verbessern. Mit preisgekr\u00f6nten Dienstleistungen in den Bereichen Forschung, Datenschutz und Cyber-Risiko, ethische Innovation und soziotechnische Erkenntnisse verfolgt unser Team einen ganzheitlichen Ansatz, der die technischen, rechtlichen und sozialwissenschaftlichen Dimensionen vollst\u00e4ndig einbezieht. Die ethische KI von Trilateral hat sp\u00fcrbare Auswirkungen im Kampf gegen die gr\u00f6\u00dften Herausforderungen, mit denen wir derzeit konfrontiert sind, wie moderne Sklaverei und Menschenhandel, Klimaschutz, Ausbeutung von Kindern, menschliche Sicherheit in Konflikt- und Krisengebieten und vieles mehr.<\/span><\/p>\n<p><span><\/span><\/p>\n<h4 style=\"text-align: justify;\"><span>Rolle im Harpocrates-Projekt<\/span><\/h4>\n<p style=\"text-align: justify;\"><span>Trilateral Research leitet das Arbeitspaket GDPR Compliance, Legal and Ethical Impacts of Privacy-Preserving Technologies (WP6) und tr\u00e4gt zur Aufgabe 2.3: Privacy-Preserving and Byzantine-robust Federated Learning (M9-M30) bei, w\u00e4hrend es an Aufgaben innerhalb von WP3, WP5 und WP7 mitarbeitet.<\/span><\/p>\n<p>[\/et_pb_text][et_pb_text _builder_version=&#8220;4.19.1&#8243; _module_preset=&#8220;default&#8220; header_4_font=&#8220;Montserrat|700|||||||&#8220; header_4_text_color=&#8220;#1f2437&#8243; global_colors_info=&#8220;{}&#8220;]<\/p>\n<h4>Erfahren Sie mehr \u00fcber uns:<\/h4>\n<ul class=\"partnersLinks\">\n<li><a href=\"https:\/\/trilateralresearch.com\/\"><img decoding=\"async\" src=\"http:\/\/harpocrates-project.eu\/wp-content\/uploads\/2022\/12\/link.png\" a=\"\"><\/a><\/li>\n<li><a href=\"https:\/\/www.facebook.com\/profile.php?id=100064885574408\"><img decoding=\"async\" src=\"http:\/\/harpocrates-project.eu\/wp-content\/uploads\/2022\/12\/facebook-8.png\" a=\"\"><\/a><\/li>\n<li><a href=\"https:\/\/twitter.com\/TRIResearch_\"><img decoding=\"async\" src=\"http:\/\/harpocrates-project.eu\/wp-content\/uploads\/2022\/12\/twitter-6.png\" a=\"\"><\/a><\/li>\n<li><a href=\"https:\/\/www.linkedin.com\/company\/trilateral-research\/\"><img decoding=\"async\" src=\"http:\/\/harpocrates-project.eu\/wp-content\/uploads\/2022\/12\/linkedin-7.png\" a=\"\"><\/a><\/li>\n<\/ul>\n<p>[\/et_pb_text][\/et_pb_column][\/et_pb_row][\/et_pb_section]<\/p>\n","protected":false},"excerpt":{"rendered":"<p><div class=\"et_pb_module lwp_divi_breadcrumbs lwp_divi_breadcrumbs_0\">\n\t\t\t\t\n\t\t\t\t\n\t\t\t\t\n\t\t\t\t\n\t\t\t\t\n\t\t\t\t\n\t\t\t\t<div class=\"et_pb_module_inner\">\n\t\t\t\t\t<div class=\"lwp-breadcrumbs\"> <span class=\"before\"><\/span> <span vocab=\"https:\/\/schema.org\/\" typeof=\"BreadcrumbList\"><span property=\"itemListElement\" typeof=\"ListItem\"><a property=\"item\" typeof=\"WebPage\" href=\"https:\/\/harpocrates-project.eu\/de\/\" class=\"home\"><span property=\"name\">Home<\/span><\/a><meta property=\"position\" content=\"1\"><\/span> <span class=\"separator et-pb-icon\">&amp;#x39;<\/span> <\/span><\/div>\n\t\t\t\t<\/div>\n\t\t\t<\/div>Trilaterale ForschungTrilateral Research wurde 2004 gegr\u00fcndet und hat Niederlassungen in London (UK) und Waterford (Irland). Das Unternehmen besch\u00e4ftigt mehr als 120 Mitarbeiter und kann auf mehr als 100 erfolgreich abgeschlossene Projekte zur\u00fcckblicken. Trilateral Research setzt sich leidenschaftlich daf\u00fcr ein, die Welt durch die Bereitstellung von ethischen KI-L\u00f6sungen [&hellip;]<\/p>\n","protected":false},"author":3,"featured_media":0,"parent":0,"menu_order":0,"comment_status":"closed","ping_status":"closed","template":"","meta":{"_et_pb_use_builder":"on","_et_pb_old_content":"","_et_gb_content_width":"","footnotes":""},"class_list":["post-2869","page","type-page","status-publish","hentry"],"aioseo_notices":[],"_links":{"self":[{"href":"https:\/\/harpocrates-project.eu\/de\/wp-json\/wp\/v2\/pages\/2869","targetHints":{"allow":["GET"]}}],"collection":[{"href":"https:\/\/harpocrates-project.eu\/de\/wp-json\/wp\/v2\/pages"}],"about":[{"href":"https:\/\/harpocrates-project.eu\/de\/wp-json\/wp\/v2\/types\/page"}],"author":[{"embeddable":true,"href":"https:\/\/harpocrates-project.eu\/de\/wp-json\/wp\/v2\/users\/3"}],"replies":[{"embeddable":true,"href":"https:\/\/harpocrates-project.eu\/de\/wp-json\/wp\/v2\/comments?post=2869"}],"version-history":[{"count":2,"href":"https:\/\/harpocrates-project.eu\/de\/wp-json\/wp\/v2\/pages\/2869\/revisions"}],"predecessor-version":[{"id":2875,"href":"https:\/\/harpocrates-project.eu\/de\/wp-json\/wp\/v2\/pages\/2869\/revisions\/2875"}],"wp:attachment":[{"href":"https:\/\/harpocrates-project.eu\/de\/wp-json\/wp\/v2\/media?parent=2869"}],"curies":[{"name":"wp","href":"https:\/\/api.w.org\/{rel}","templated":true}]}}