{"id":2659,"date":"2023-01-11T13:27:35","date_gmt":"2023-01-11T13:27:35","guid":{"rendered":"https:\/\/harpocrates-project.eu\/universitaet-paris-cite\/"},"modified":"2023-09-12T09:24:50","modified_gmt":"2023-09-12T09:24:50","slug":"universitaet-paris-cite","status":"publish","type":"page","link":"https:\/\/harpocrates-project.eu\/de\/universitaet-paris-cite\/","title":{"rendered":"Universit\u00e4t Paris Cit\u00e9"},"content":{"rendered":"<p>[et_pb_section fb_built=&#8220;1&#8243; custom_padding_last_edited=&#8220;on|phone&#8220; _builder_version=&#8220;4.19.1&#8243; _module_preset=&#8220;default&#8220; background_color=&#8220;#1f2437&#8243; background_enable_image=&#8220;off&#8220; background_position=&#8220;center_left&#8220; custom_padding=&#8220;0rem|1rem|0rem|1rem|true|false&#8220; custom_padding_tablet=&#8220;|2rem|1rem|2rem|false|false&#8220; custom_padding_phone=&#8220;|1rem||1rem|false|false&#8220; global_colors_info=&#8220;{}&#8220;][et_pb_row custom_padding_last_edited=&#8220;on|phone&#8220; _builder_version=&#8220;4.19.1&#8243; _module_preset=&#8220;default&#8220; width=&#8220;100%&#8220; max_width=&#8220;1540px&#8220; custom_padding=&#8220;||||false|false&#8220; custom_padding_tablet=&#8220;||||false|false&#8220; custom_padding_phone=&#8220;1rem||1rem||false|false&#8220; global_colors_info=&#8220;{}&#8220;][et_pb_column type=&#8220;4_4&#8243; _builder_version=&#8220;4.19.1&#8243; _module_preset=&#8220;default&#8220; global_colors_info=&#8220;{}&#8220;][lwp_divi_breadcrumbs link_color=&#8220;#FFFFFF&#8220; separator_color=&#8220;#FFFFFF&#8220; _builder_version=&#8220;4.19.1&#8243; _module_preset=&#8220;default&#8220; custom_padding_tablet=&#8220;1rem||1rem||false|false&#8220; custom_padding_phone=&#8220;1rem||1rem||false|false&#8220; custom_padding_last_edited=&#8220;on|phone&#8220; global_colors_info=&#8220;{}&#8220;][\/lwp_divi_breadcrumbs][\/et_pb_column][\/et_pb_row][\/et_pb_section][et_pb_section fb_built=&#8220;1&#8243; custom_padding_last_edited=&#8220;on|phone&#8220; _builder_version=&#8220;4.19.1&#8243; _module_preset=&#8220;default&#8220; custom_padding=&#8220;|1rem||1rem|false|true&#8220; custom_padding_tablet=&#8220;|2rem||2rem|false|true&#8220; custom_padding_phone=&#8220;|1rem||1rem|false|true&#8220; global_colors_info=&#8220;{}&#8220;][et_pb_row _builder_version=&#8220;4.19.1&#8243; _module_preset=&#8220;default&#8220; width=&#8220;100%&#8220; max_width=&#8220;1540px&#8220; global_colors_info=&#8220;{}&#8220;][et_pb_column type=&#8220;4_4&#8243; _builder_version=&#8220;4.19.1&#8243; _module_preset=&#8220;default&#8220; global_colors_info=&#8220;{}&#8220;][et_pb_image src=&#8220;http:\/\/harpocrates-project.eu\/wp-content\/uploads\/2023\/01\/sante.png&#8220; title_text=&#8220;sante&#8220; align=&#8220;center&#8220; _builder_version=&#8220;4.19.1&#8243; _module_preset=&#8220;default&#8220; custom_margin=&#8220;||-9px|||&#8220; global_colors_info=&#8220;{}&#8220;][\/et_pb_image][et_pb_text _builder_version=&#8220;4.19.1&#8243; _module_preset=&#8220;default&#8220; header_3_font=&#8220;Montserrat|700|||||||&#8220; header_3_text_align=&#8220;center&#8220; header_3_text_color=&#8220;#1f2437&#8243; custom_margin=&#8220;17px|||||&#8220; global_colors_info=&#8220;{}&#8220;]<\/p>\n<h3><span>Universit\u00e4t Paris Cit\u00e9  <\/span><\/h3>\n<p>[\/et_pb_text][\/et_pb_column][\/et_pb_row][et_pb_row _builder_version=&#8220;4.19.1&#8243; _module_preset=&#8220;default&#8220; width=&#8220;100%&#8220; max_width=&#8220;1540px&#8220; global_colors_info=&#8220;{}&#8220;][et_pb_column type=&#8220;4_4&#8243; _builder_version=&#8220;4.19.1&#8243; _module_preset=&#8220;default&#8220; global_colors_info=&#8220;{}&#8220;][et_pb_text _builder_version=&#8220;4.19.1&#8243; _module_preset=&#8220;default&#8220; text_font=&#8220;Raleway||||||||&#8220; text_text_color=&#8220;#9b9b9b&#8220; header_4_font=&#8220;Montserrat|700|||||||&#8220; header_4_text_color=&#8220;#1f2437&#8243; hover_enabled=&#8220;0&#8243; global_colors_info=&#8220;{}&#8220; sticky_enabled=&#8220;0&#8243;]<\/p>\n<p><span>Die Universit\u00e4t Paris Cit\u00e9 (franz\u00f6sisch: Universit\u00e9 Paris Cit\u00e9) ist eine \u00f6ffentliche Forschungsuniversit\u00e4t in Paris, Frankreich. Sie wurde am 20. M\u00e4rz 2019 per Dekret aus dem Zusammenschluss der Universit\u00e4ten Paris Descartes (Paris V) und Paris Diderot (Paris VII) gegr\u00fcndet, die nach der Teilung der Universit\u00e4t Paris im Jahr 1970 entstanden waren. Sie wurde urspr\u00fcnglich als Universit\u00e4t von Paris (franz\u00f6sisch: Universit\u00e9 de Paris) gegr\u00fcndet, aber im M\u00e4rz 2022 per Dekret in ihren heutigen Namen umbenannt.  <\/span><\/p>\n<p><span>Das Institut de Physique du Globe de Paris wurde als Teilinstitut integriert. Der Hauptsitz der Universit\u00e4t liegt im Herzen von Paris, im 6. Arrondissement am Boulevard Saint-Germain. Unter den besten Universit\u00e4ten weltweit belegte sie 2021 laut Times Higher Education Platz 14 unter den jungen Universit\u00e4ten und laut Shanghai-Ranking Platz 65.<\/span><\/p>\n<p><span><\/span><\/p>\n<h4 style=\"text-align: justify;\"><span>Rolle im Harpocrates-Projekt<\/span><\/h4>\n<p style=\"text-align: justify;\"><span>Die Rolle im Projekt besteht darin, Gesundheitsdaten f\u00fcr das Pilotprojekt zum grenz\u00fcberschreitenden Datenaustausch bereitzustellen.<\/span><\/p>\n<p>[\/et_pb_text][et_pb_text _builder_version=&#8220;4.19.1&#8243; _module_preset=&#8220;default&#8220; header_4_font=&#8220;Montserrat|700|||||||&#8220; header_4_text_color=&#8220;#1f2437&#8243; global_colors_info=&#8220;{}&#8220;]<\/p>\n<h4>Erfahren Sie mehr \u00fcber uns:<\/h4>\n<ul class=\"partnersLinks\">\n<li><a href=\"https:\/\/u-paris.fr\/en\/universite-de-paris\/\"><img decoding=\"async\" src=\"http:\/\/harpocrates-project.eu\/wp-content\/uploads\/2022\/12\/link.png\" a=\"\"><\/a><\/li>\n<li><a href=\"https:\/\/www.facebook.com\/univpariscite\"><img decoding=\"async\" src=\"http:\/\/harpocrates-project.eu\/wp-content\/uploads\/2022\/12\/facebook-8.png\" a=\"\"><\/a><\/li>\n<li><a href=\"https:\/\/twitter.com\/UP_Medecine\"><img decoding=\"async\" src=\"http:\/\/harpocrates-project.eu\/wp-content\/uploads\/2022\/12\/twitter-6.png\" a=\"\"><\/a><\/li>\n<li><a href=\"https:\/\/www.linkedin.com\/company\/facult%C3%A9-de-m%C3%A9decine-paris-descartes\/\"><img decoding=\"async\" src=\"http:\/\/harpocrates-project.eu\/wp-content\/uploads\/2022\/12\/linkedin-7.png\" a=\"\"><\/a><\/li>\n<\/ul>\n<p>[\/et_pb_text][\/et_pb_column][\/et_pb_row][\/et_pb_section]<\/p>\n","protected":false},"excerpt":{"rendered":"<p><div class=\"et_pb_module lwp_divi_breadcrumbs lwp_divi_breadcrumbs_0\">\n\t\t\t\t\n\t\t\t\t\n\t\t\t\t\n\t\t\t\t\n\t\t\t\t\n\t\t\t\t\n\t\t\t\t<div class=\"et_pb_module_inner\">\n\t\t\t\t\t<div class=\"lwp-breadcrumbs\"> <span class=\"before\"><\/span> <span vocab=\"https:\/\/schema.org\/\" typeof=\"BreadcrumbList\"><span property=\"itemListElement\" typeof=\"ListItem\"><a property=\"item\" typeof=\"WebPage\" href=\"https:\/\/harpocrates-project.eu\/de\/\" class=\"home\"><span property=\"name\">Home<\/span><\/a><meta property=\"position\" content=\"1\"><\/span> <span class=\"separator et-pb-icon\">&amp;#x39;<\/span> <\/span><\/div>\n\t\t\t\t<\/div>\n\t\t\t<\/div>Universit\u00e4t Paris Cit\u00e9 Die Universit\u00e4t Paris Cit\u00e9 (franz\u00f6sisch: Universit\u00e9 Paris Cit\u00e9) ist eine \u00f6ffentliche Forschungsuniversit\u00e4t in Paris, Frankreich. Sie wurde am 20. M\u00e4rz 2019 per Dekret aus dem Zusammenschluss der Universit\u00e4ten Paris Descartes (Paris V) und Paris Diderot (Paris VII) gegr\u00fcndet, die nach der Teilung der Universit\u00e4t [&hellip;]<\/p>\n","protected":false},"author":3,"featured_media":0,"parent":0,"menu_order":0,"comment_status":"closed","ping_status":"closed","template":"","meta":{"_et_pb_use_builder":"on","_et_pb_old_content":"","_et_gb_content_width":"","footnotes":""},"class_list":["post-2659","page","type-page","status-publish","hentry"],"aioseo_notices":[],"_links":{"self":[{"href":"https:\/\/harpocrates-project.eu\/de\/wp-json\/wp\/v2\/pages\/2659","targetHints":{"allow":["GET"]}}],"collection":[{"href":"https:\/\/harpocrates-project.eu\/de\/wp-json\/wp\/v2\/pages"}],"about":[{"href":"https:\/\/harpocrates-project.eu\/de\/wp-json\/wp\/v2\/types\/page"}],"author":[{"embeddable":true,"href":"https:\/\/harpocrates-project.eu\/de\/wp-json\/wp\/v2\/users\/3"}],"replies":[{"embeddable":true,"href":"https:\/\/harpocrates-project.eu\/de\/wp-json\/wp\/v2\/comments?post=2659"}],"version-history":[{"count":8,"href":"https:\/\/harpocrates-project.eu\/de\/wp-json\/wp\/v2\/pages\/2659\/revisions"}],"predecessor-version":[{"id":2804,"href":"https:\/\/harpocrates-project.eu\/de\/wp-json\/wp\/v2\/pages\/2659\/revisions\/2804"}],"wp:attachment":[{"href":"https:\/\/harpocrates-project.eu\/de\/wp-json\/wp\/v2\/media?parent=2659"}],"curies":[{"name":"wp","href":"https:\/\/api.w.org\/{rel}","templated":true}]}}